{"id":6720,"date":"2025-04-25T21:34:57","date_gmt":"2025-04-25T19:34:57","guid":{"rendered":"https:\/\/dream-five.com\/product\/kimono-mini-rouge-mars\/"},"modified":"2025-08-20T04:21:40","modified_gmt":"2025-08-20T02:21:40","slug":"kimono-mini-rouge-mars","status":"publish","type":"product","link":"https:\/\/dream-five.com\/fr\/produit\/kimono-mini-rouge-mars\/","title":{"rendered":"KIMONO ENFANT &#8211; MINI MARS ROUGE"},"content":{"rendered":"<p><strong>DREAM FIVE<\/strong> a d\u00e9velopp\u00e9 l&rsquo;un des kimonos les plus l\u00e9gers du march\u00e9 pour vous aider \u00e0 d\u00e9passer vos limites, que ce soit \u00e0 l&rsquo;entra\u00eenement ou en comp\u00e9tition.<\/p>\n<p>Le nom <strong>DREAM FIVE <\/strong>, qui signifie \u00ab\u00a0Les Cinq R\u00eaves\u00a0\u00bb, fait r\u00e9f\u00e9rence aux cinq couleurs de ceinture du Jiu-Jitsu. Ce kimono a \u00e9t\u00e9 con\u00e7u par des athl\u00e8tes passionn\u00e9s et exp\u00e9riment\u00e9s qui ont utilis\u00e9 leur expertise pour cr\u00e9er l&rsquo;\u00e9quipement parfait, con\u00e7u pour vous accompagner dans chaque d\u00e9fi.<\/p>\n<p>Mars repr\u00e9sente la combativit\u00e9, la d\u00e9termination et la passion, qualit\u00e9s essentielles au Jiu-Jitsu. Le kimono <strong>DREAM FIVE<\/strong> incarne cette volont\u00e9 in\u00e9branlable de relever tous les d\u00e9fis.<\/p>\n<p><strong>Une devise lorsque vous portez ce kimono :<br \/>\nPAS D&rsquo;EXCUSES, PAS DE LIMITES.<\/strong><\/p>\n","protected":false},"excerpt":{"rendered":"<div class=\"elementor-element elementor-element-755a39c3 elementor-widget elementor-widget-woocommerce-product-etheme_short_description\" data-id=\"755a39c3\" data-element_type=\"widget\" data-widget_type=\"woocommerce-product-etheme_short_description.default\">\n<div class=\"elementor-widget-container\">\n<div class=\"woocommerce-product-details__short-description\">\n<ul>\n<li class=\"p1\">Veste l\u00e9g\u00e8re en tissu Pearl Weave 350 g<\/li>\n<li class=\"p1\">Pantalon ripstop triplement renforc\u00e9 avec cordon de serrage \u00e9lastique<\/li>\n<li>Design exclusif en \u00e9dition limit\u00e9e<\/li>\n<li>Fourni avec un sac de transport<\/li>\n<\/ul>\n<\/div>\n<\/div>\n<\/div>\n<div class=\"elementor-element elementor-element-6281db8c e-con-full e-flex e-con e-child\" data-id=\"6281db8c\" data-element_type=\"container\">\n<div class=\"elementor-element elementor-element-1a8a7183 elementor-widget elementor-widget-woocommerce-product-etheme_price\" data-id=\"1a8a7183\" data-element_type=\"widget\" data-widget_type=\"woocommerce-product-etheme_price.default\">\n<div class=\"elementor-widget-container\"><\/div>\n<\/div>\n<\/div>\n","protected":false},"featured_media":7190,"comment_status":"open","ping_status":"closed","template":"","meta":[],"etheme_brands":[],"product_brand":[],"product_cat":[190,191],"product_tag":[],"class_list":{"0":"post-6720","1":"product","2":"type-product","3":"status-publish","4":"has-post-thumbnail","6":"product_cat-enfant","7":"product_cat-enfant-gi","9":"first","10":"instock","11":"shipping-taxable","12":"purchasable","13":"product-type-variable"},"_links":{"self":[{"href":"https:\/\/dream-five.com\/fr\/wp-json\/wp\/v2\/product\/6720","targetHints":{"allow":["GET"]}}],"collection":[{"href":"https:\/\/dream-five.com\/fr\/wp-json\/wp\/v2\/product"}],"about":[{"href":"https:\/\/dream-five.com\/fr\/wp-json\/wp\/v2\/types\/product"}],"replies":[{"embeddable":true,"href":"https:\/\/dream-five.com\/fr\/wp-json\/wp\/v2\/comments?post=6720"}],"version-history":[{"count":3,"href":"https:\/\/dream-five.com\/fr\/wp-json\/wp\/v2\/product\/6720\/revisions"}],"predecessor-version":[{"id":7893,"href":"https:\/\/dream-five.com\/fr\/wp-json\/wp\/v2\/product\/6720\/revisions\/7893"}],"wp:featuredmedia":[{"embeddable":true,"href":"https:\/\/dream-five.com\/fr\/wp-json\/wp\/v2\/media\/7190"}],"wp:attachment":[{"href":"https:\/\/dream-five.com\/fr\/wp-json\/wp\/v2\/media?parent=6720"}],"wp:term":[{"taxonomy":"brand","embeddable":true,"href":"https:\/\/dream-five.com\/fr\/wp-json\/wp\/v2\/etheme_brands?post=6720"},{"taxonomy":"product_brand","embeddable":true,"href":"https:\/\/dream-five.com\/fr\/wp-json\/wp\/v2\/product_brand?post=6720"},{"taxonomy":"product_cat","embeddable":true,"href":"https:\/\/dream-five.com\/fr\/wp-json\/wp\/v2\/product_cat?post=6720"},{"taxonomy":"product_tag","embeddable":true,"href":"https:\/\/dream-five.com\/fr\/wp-json\/wp\/v2\/product_tag?post=6720"}],"curies":[{"name":"wp","href":"https:\/\/api.w.org\/{rel}","templated":true}]}}