{"id":5762,"date":"2025-01-13T18:30:02","date_gmt":"2025-01-13T17:30:02","guid":{"rendered":"https:\/\/dream-five.com\/product\/kimono-jaune-jupiter\/"},"modified":"2025-07-09T21:19:36","modified_gmt":"2025-07-09T19:19:36","slug":"kimono-homme-jaune-jupiter","status":"publish","type":"product","link":"https:\/\/dream-five.com\/fr\/produit\/kimono-homme-jaune-jupiter\/","title":{"rendered":"KIMONO HOMME JAUNE JUPITER"},"content":{"rendered":"<p><strong>DREAM FIVE<\/strong> a d\u00e9velopp\u00e9 l&rsquo;un des kimonos les plus l\u00e9gers du march\u00e9 pour vous aider \u00e0 d\u00e9passer vos limites, que ce soit \u00e0 l&rsquo;entra\u00eenement ou en comp\u00e9tition.<\/p>\n<p>Le nom <strong>DREAM FIVE<\/strong>, qui signifie \u00ab\u00a0Les Cinq R\u00eaves\u00a0\u00bb, fait r\u00e9f\u00e9rence aux cinq couleurs de ceinture du Jiu-Jitsu. Ce kimono a \u00e9t\u00e9 con\u00e7u par des athl\u00e8tes passionn\u00e9s et exp\u00e9riment\u00e9s qui ont utilis\u00e9 leur expertise pour cr\u00e9er l&rsquo;\u00e9quipement parfait, con\u00e7u pour vous accompagner dans chaque d\u00e9fi.<\/p>\n<p>Jupiter symbolise la croissance, la force et le leadership &#8211; des valeurs parfaites pour le Jiu-Jitsu. Avec le kimono <strong>DREAM FIVE<\/strong>, vous pouvez incarner ces qualit\u00e9s sur le tapis et d\u00e9velopper tout votre potentiel.<\/p>\n<p><strong>Une devise lorsque vous portez ce kimono :<br \/>\nPAS D&rsquo;EXCUSES, PAS DE LIMITES.<\/strong><\/p>\n","protected":false},"excerpt":{"rendered":"<ul>\n<li class=\"p1\">Veste l\u00e9g\u00e8re en tissu Pearl Weave 350 g<\/li>\n<li class=\"p1\">Pantalon ripstop triplement renforc\u00e9 avec cordon de serrage \u00e9lastique<\/li>\n<li>Design exclusif en \u00e9dition limit\u00e9e<\/li>\n<li>Fourni avec un sac de transport<\/li>\n<\/ul>\n","protected":false},"featured_media":7480,"comment_status":"open","ping_status":"closed","template":"","meta":[],"etheme_brands":[],"product_brand":[],"product_cat":[134,188],"product_tag":[],"class_list":{"0":"post-5762","1":"product","2":"type-product","3":"status-publish","4":"has-post-thumbnail","6":"product_cat-homme","7":"product_cat-homme-gi","9":"first","10":"instock","11":"shipping-taxable","12":"purchasable","13":"product-type-variable"},"_links":{"self":[{"href":"https:\/\/dream-five.com\/fr\/wp-json\/wp\/v2\/product\/5762","targetHints":{"allow":["GET"]}}],"collection":[{"href":"https:\/\/dream-five.com\/fr\/wp-json\/wp\/v2\/product"}],"about":[{"href":"https:\/\/dream-five.com\/fr\/wp-json\/wp\/v2\/types\/product"}],"replies":[{"embeddable":true,"href":"https:\/\/dream-five.com\/fr\/wp-json\/wp\/v2\/comments?post=5762"}],"version-history":[{"count":3,"href":"https:\/\/dream-five.com\/fr\/wp-json\/wp\/v2\/product\/5762\/revisions"}],"predecessor-version":[{"id":6516,"href":"https:\/\/dream-five.com\/fr\/wp-json\/wp\/v2\/product\/5762\/revisions\/6516"}],"wp:featuredmedia":[{"embeddable":true,"href":"https:\/\/dream-five.com\/fr\/wp-json\/wp\/v2\/media\/7480"}],"wp:attachment":[{"href":"https:\/\/dream-five.com\/fr\/wp-json\/wp\/v2\/media?parent=5762"}],"wp:term":[{"taxonomy":"brand","embeddable":true,"href":"https:\/\/dream-five.com\/fr\/wp-json\/wp\/v2\/etheme_brands?post=5762"},{"taxonomy":"product_brand","embeddable":true,"href":"https:\/\/dream-five.com\/fr\/wp-json\/wp\/v2\/product_brand?post=5762"},{"taxonomy":"product_cat","embeddable":true,"href":"https:\/\/dream-five.com\/fr\/wp-json\/wp\/v2\/product_cat?post=5762"},{"taxonomy":"product_tag","embeddable":true,"href":"https:\/\/dream-five.com\/fr\/wp-json\/wp\/v2\/product_tag?post=5762"}],"curies":[{"name":"wp","href":"https:\/\/api.w.org\/{rel}","templated":true}]}}