{"id":7764,"date":"2025-01-18T14:13:47","date_gmt":"2025-01-18T13:13:47","guid":{"rendered":"https:\/\/dream-five.com\/conditions-de-vente-et-dutilisation\/"},"modified":"2025-08-17T19:21:20","modified_gmt":"2025-08-17T17:21:20","slug":"conditions-de-vente-et-dutilisation","status":"publish","type":"page","link":"https:\/\/dream-five.com\/fr\/conditions-de-vente-et-dutilisation\/","title":{"rendered":"Conditions de vente et d&rsquo;utilisation"},"content":{"rendered":"\t\t<div data-elementor-type=\"wp-page\" data-elementor-id=\"7764\" class=\"elementor elementor-7764 elementor-5358\" data-elementor-post-type=\"page\">\n\t\t\t\t<div class=\"elementor-element elementor-element-ac58c4e e-con-full e-flex e-con e-parent\" data-id=\"ac58c4e\" data-element_type=\"container\">\n\t\t\t\t<div class=\"elementor-element elementor-element-73f21d7 elementor-widget elementor-widget-text-editor\" data-id=\"73f21d7\" data-element_type=\"widget\" data-widget_type=\"text-editor.default\">\n\t\t\t\t<div class=\"elementor-widget-container\">\n\t\t\t\t\t\t\t\t\t<div data-id=\"b483389\" data-element_type=\"widget\" data-widget_type=\"text-editor.default\"><p><strong>Article 1 &#8211; Principes<\/strong><\/p><p>Les pr\u00e9sentes conditions g\u00e9n\u00e9rales expriment l&rsquo;int\u00e9gralit\u00e9 des obligations des parties. L&rsquo;acheteur est r\u00e9put\u00e9 les accepter sans r\u00e9serve.<br>Ces conditions g\u00e9n\u00e9rales de vente s&rsquo;appliquent \u00e0 l&rsquo;exclusion de toutes autres conditions, et notamment celles applicables pour les ventes en magasin ou au moyen d&rsquo;autres circuits de distribution et de commercialisation.<br>Elles sont disponibles sur le site Internet \u00ab dream-five.com \u00bb et pr\u00e9vaudront, le cas \u00e9ch\u00e9ant, sur toute autre version ou tout autre document contradictoire.<br>Le vendeur et l&rsquo;acheteur conviennent que les pr\u00e9sentes conditions g\u00e9n\u00e9rales r\u00e9gissent exclusivement leurs relations. Le vendeur se r\u00e9serve le droit de modifier les pr\u00e9sentes conditions g\u00e9n\u00e9rales de temps \u00e0 autre. Elles seront applicables d\u00e8s leur mise en ligne.<br>Si une condition de vente fait d\u00e9faut, elle sera consid\u00e9r\u00e9e \u00eatre r\u00e9gie par les usages en vigueur dans le secteur de la vente \u00e0 distance dont les entreprises ont leur si\u00e8ge en Suisse.   <\/p><\/div><div data-id=\"6fc5418\" data-element_type=\"widget\" data-widget_type=\"text-editor.default\"><p><strong>Article 2 &#8211; Contenu<\/strong><\/p><p>Les pr\u00e9sentes conditions g\u00e9n\u00e9rales ont pour objet de d\u00e9finir les droits et obligations des parties dans le cadre de la vente en ligne de biens propos\u00e9s par le vendeur \u00e0 l&rsquo;acheteur sur le site \u00ab dream-five.com \u00bb.<\/p><p>Ces conditions ne s&rsquo;appliquent qu&rsquo;aux achats effectu\u00e9s sur le site DREAM-FIVE et livr\u00e9s exclusivement en France m\u00e9tropolitaine ou en Corse. Pour les livraisons dans les DOM-TOM ou \u00e0 l&rsquo;\u00e9tranger, veuillez envoyer un message \u00e0 l&rsquo;adresse \u00e9lectronique suivante : dreamfive.contact@gmail.com. Ces achats concernent les produits DREAM-FIVE.  <\/p><\/div><div data-id=\"48a219a\" data-element_type=\"widget\" data-widget_type=\"text-editor.default\"><p><strong>Article 3 &#8211; Informations pr\u00e9contractuelles<\/strong><\/p><p>Avant de passer commande et de contracter, l&rsquo;acheteur reconna\u00eet avoir pris connaissance, de mani\u00e8re lisible et compr\u00e9hensible, des pr\u00e9sentes conditions g\u00e9n\u00e9rales de vente et de l&rsquo;ensemble des informations \u00e9num\u00e9r\u00e9es \u00e0 l&rsquo;article L. 221-5 du code de la consommation.<\/p><p>Les informations suivantes sont fournies \u00e0 l&rsquo;acheteur de mani\u00e8re claire et compr\u00e9hensible :<br>&#8211; les caract\u00e9ristiques essentielles du bien ;<br>&#8211; le prix du bien et\/ou son mode de calcul.<\/p><p>&#8211; et, le cas \u00e9ch\u00e9ant, les \u00e9ventuels frais suppl\u00e9mentaires de transport, de livraison ou d&rsquo;affranchissement et autres frais exigibles.<br>&#8211; \u00e0 d\u00e9faut d&rsquo;ex\u00e9cution imm\u00e9diate du contrat, la date ou le d\u00e9lai auquel le vendeur s&rsquo;engage \u00e0 livrer le bien, quel qu&rsquo;en soit le prix ;<br>&#8211; les informations relatives \u00e0 l&rsquo;identit\u00e9 du vendeur, \u00e0 ses coordonn\u00e9es postales, t\u00e9l\u00e9phoniques et \u00e9lectroniques, \u00e0 ses activit\u00e9s commerciales, aux garanties l\u00e9gales, aux fonctionnalit\u00e9s des contenus num\u00e9riques et, le cas \u00e9ch\u00e9ant, \u00e0 l&rsquo;interop\u00e9rabilit\u00e9, \u00e0 l&rsquo;existence et \u00e0 la mise en \u0153uvre des garanties et aux autres conditions contractuelles.<\/p><\/div><div data-id=\"aa74d57\" data-element_type=\"widget\" data-widget_type=\"text-editor.default\"><p><strong>Article 4 \u2013 La commande<\/strong><\/p><p>L&rsquo;acheteur peut commander en ligne, \u00e0 partir du catalogue en ligne et en utilisant le formulaire pr\u00e9vu \u00e0 cet effet, tout produit, sous r\u00e9serve de disponibilit\u00e9. L&rsquo;acheteur sera inform\u00e9 de toute indisponibilit\u00e9 du produit ou du bien command\u00e9. <\/p><p>Pour que la commande soit valid\u00e9e, l&rsquo;acheteur doit accepter les pr\u00e9sentes conditions g\u00e9n\u00e9rales en cliquant \u00e0 l&rsquo;endroit indiqu\u00e9. Il doit \u00e9galement choisir l&rsquo;adresse et le mode de livraison, et enfin valider le mode de paiement. La vente sera consid\u00e9r\u00e9e comme d\u00e9finitive : &#8211; apr\u00e8s l&rsquo;envoi par le vendeur de la confirmation de l&rsquo;acceptation de la commande par e-mail ; &#8211; et apr\u00e8s r\u00e9ception du paiement int\u00e9gral par le vendeur. Toute commande vaut acceptation des prix et descriptions des produits disponibles \u00e0 la vente. Tout litige sur ce point sera r\u00e9gl\u00e9 dans le cadre d&rsquo;un \u00e9ventuel \u00e9change et des garanties mentionn\u00e9es ci-dessous. Dans certains cas, notamment en cas de non-paiement, d&rsquo;adresse erron\u00e9e ou de probl\u00e8me avec le compte de l&rsquo;acheteur, le vendeur se r\u00e9serve le droit de bloquer la commande jusqu&rsquo;\u00e0 la r\u00e9solution du probl\u00e8me. Pour toute question relative au suivi d&rsquo;une commande, l&rsquo;acheteur doit contacter l&rsquo;adresse e-mail suivante : <strong>dreamfive.contact@gmail.com<\/strong>.      <\/p><\/div><div data-id=\"ace634f\" data-element_type=\"widget\" data-widget_type=\"text-editor.default\"><p><strong>Article 5 \u2013 Signature \u00e9lectronique<\/strong><\/p><p>La fourniture en ligne du num\u00e9ro de carte bancaire de l&rsquo;acheteur et la validation finale de la commande constituent la preuve de l&rsquo;accord de l&rsquo;acheteur :<br>&#8211; Exigibilit\u00e9 des sommes dues au titre du bon de commande ;<\/p><p>&#8211; signature et acceptation expresse de toutes les op\u00e9rations effectu\u00e9es. En cas d&rsquo;utilisation frauduleuse d&rsquo;une carte bancaire, l&rsquo;acheteur est invit\u00e9 \u00e0 contacter le vendeur par e-mail d\u00e8s sa d\u00e9couverte. <\/p><\/div><div data-id=\"6341639\" data-element_type=\"widget\" data-widget_type=\"text-editor.default\"><p><strong>Article 6 \u2013 Confirmation de commande<\/strong><\/p><p>Le vendeur fournit \u00e0 l&rsquo;acheteur une copie du contrat par courrier \u00e9lectronique.<\/p><p><strong>Article 7 \u2013 Preuve de transaction<\/strong><\/p><p>Les registres informatis\u00e9s, conserv\u00e9s dans les syst\u00e8mes informatiques du vendeur dans des conditions raisonnables de s\u00e9curit\u00e9, seront consid\u00e9r\u00e9s comme les preuves des communications, des commandes et des paiements intervenus entre les parties. Les bons de commande et les factures sont archiv\u00e9s sur un support fiable et durable pouvant \u00eatre produit \u00e0 titre de preuve. <\/p><\/div><div data-id=\"e8d2039\" data-element_type=\"widget\" data-widget_type=\"text-editor.default\"><p><strong>Article 8 \u2013 Informations sur le produit<\/strong><\/p><p>Les produits r\u00e9gis par les pr\u00e9sentes conditions g\u00e9n\u00e9rales sont ceux qui figurent sur le site web du vendeur et qui sont indiqu\u00e9s comme vendus et exp\u00e9di\u00e9s par celui-ci. Ils sont propos\u00e9s dans la limite des stocks disponibles. <\/p><p>Les produits sont d\u00e9crits et pr\u00e9sent\u00e9s avec la plus grande exactitude possible. Toutefois, le vendeur ne peut \u00eatre tenu responsable d&rsquo;\u00e9ventuelles erreurs ou omissions dans cette pr\u00e9sentation. <\/p><p>Les photographies des produits ne sont pas contractuelles.<\/p><\/div><div data-id=\"d2712a6\" data-element_type=\"widget\" data-widget_type=\"text-editor.default\"><p><strong>Article 9 \u2013 Prix<\/strong><\/p><p>Le vendeur se r\u00e9serve le droit de modifier ses prix \u00e0 tout moment, mais s&rsquo;engage \u00e0 appliquer les tarifs en vigueur au moment de la commande, sous r\u00e9serve de disponibilit\u00e9 \u00e0 cette date.<br>Les prix sont indiqu\u00e9s en euros. Ils ne comprennent pas les frais de livraison, factur\u00e9s en suppl\u00e9ment et indiqu\u00e9s avant la validation de la commande. Les prix tiennent compte de la TVA applicable au jour de la commande, et tout changement du taux de TVA applicable sera automatiquement r\u00e9percut\u00e9 sur le prix des produits de la boutique en ligne.  <\/p><p>Si une ou plusieurs taxes ou contributions, notamment environnementales, sont cr\u00e9\u00e9es ou modifi\u00e9es, en hausse comme en baisse, ce changement pourra \u00eatre r\u00e9percut\u00e9 sur le prix de vente des produits.<\/p><\/div><div data-id=\"d06302e\" data-element_type=\"widget\" data-widget_type=\"text-editor.default\"><p><strong>Article 10 \u2013 Mode de paiement<\/strong><\/p><p>Il s&rsquo;agit d&rsquo;une commande avec obligation de paiement, ce qui signifie que la passation de commande implique le paiement par l&rsquo;acheteur. Pour r\u00e9gler sa commande, l&rsquo;acheteur peut choisir parmi les modes de paiement propos\u00e9s par le vendeur et list\u00e9s sur son site web. L&rsquo;acheteur garantit au vendeur qu&rsquo;il dispose des autorisations n\u00e9cessaires pour utiliser le mode de paiement choisi lors de la validation du bon de commande. Le vendeur se r\u00e9serve le droit de suspendre tout traitement de commande et toute livraison en cas de refus d&rsquo;autorisation de paiement par carte bancaire de la part des organismes officiellement accr\u00e9dit\u00e9s, ou en cas de non-paiement. En particulier, le vendeur se r\u00e9serve le droit de refuser d&rsquo;effectuer une livraison ou d&rsquo;honorer une commande \u00e9manant d&rsquo;un acheteur qui n&rsquo;aurait pas r\u00e9gl\u00e9 totalement ou partiellement une commande pr\u00e9c\u00e9dente, ou avec lequel un litige de paiement serait en cours.    <\/p><p>Le paiement doit \u00eatre effectu\u00e9 en totalit\u00e9 le jour de la commande, selon les modalit\u00e9s suivantes :<\/p><p>par carte de cr\u00e9dit.<\/p><\/div><div data-id=\"f8f58b0\" data-element_type=\"widget\" data-widget_type=\"text-editor.default\"><p><strong>Article 11 \u2013 Disponibilit\u00e9 des produits \u2013 Remboursements<\/strong><\/p><p>Les d\u00e9lais de livraison sont calcul\u00e9s \u00e0 compter de la date d&rsquo;enregistrement de la commande indiqu\u00e9e dans l&rsquo;e-mail de confirmation de commande.<br>Pour les livraisons en France m\u00e9tropolitaine et en Corse, le d\u00e9lai de livraison est de 3 jours \u00e0 compter du jour suivant celui de la commande, selon les modalit\u00e9s suivantes : livraison Colissimo Point Relais, livraison Colissimo Express.<\/p><\/div>\t\t\t\t\t\t\t\t<\/div>\n\t\t\t\t<\/div>\n\t\t\t\t<\/div>\n\t\t\t\t<\/div>\n\t\t","protected":false},"excerpt":{"rendered":"<p>&#8230;<\/p>\n","protected":false},"author":1,"featured_media":0,"parent":0,"menu_order":0,"comment_status":"closed","ping_status":"closed","template":"","meta":{"footnotes":""},"class_list":["post-7764","page","type-page","status-publish","hentry"],"_links":{"self":[{"href":"https:\/\/dream-five.com\/fr\/wp-json\/wp\/v2\/pages\/7764","targetHints":{"allow":["GET"]}}],"collection":[{"href":"https:\/\/dream-five.com\/fr\/wp-json\/wp\/v2\/pages"}],"about":[{"href":"https:\/\/dream-five.com\/fr\/wp-json\/wp\/v2\/types\/page"}],"author":[{"embeddable":true,"href":"https:\/\/dream-five.com\/fr\/wp-json\/wp\/v2\/users\/1"}],"replies":[{"embeddable":true,"href":"https:\/\/dream-five.com\/fr\/wp-json\/wp\/v2\/comments?post=7764"}],"version-history":[{"count":1,"href":"https:\/\/dream-five.com\/fr\/wp-json\/wp\/v2\/pages\/7764\/revisions"}],"predecessor-version":[{"id":7765,"href":"https:\/\/dream-five.com\/fr\/wp-json\/wp\/v2\/pages\/7764\/revisions\/7765"}],"wp:attachment":[{"href":"https:\/\/dream-five.com\/fr\/wp-json\/wp\/v2\/media?parent=7764"}],"curies":[{"name":"wp","href":"https:\/\/api.w.org\/{rel}","templated":true}]}}