{"id":5893,"date":"2025-01-18T14:47:43","date_gmt":"2025-01-18T13:47:43","guid":{"rendered":"https:\/\/dream-five.com\/conditions-generales-dutilisation\/"},"modified":"2025-03-24T13:46:34","modified_gmt":"2025-03-24T12:46:34","slug":"conditions-generales-dutilisation","status":"publish","type":"page","link":"https:\/\/dream-five.com\/fr\/conditions-generales-dutilisation\/","title":{"rendered":"Conditions g\u00e9n\u00e9rales d&rsquo;utilisation"},"content":{"rendered":"\t\t<div data-elementor-type=\"wp-page\" data-elementor-id=\"5893\" class=\"elementor elementor-5893 elementor-5366\" data-elementor-post-type=\"page\">\n\t\t\t\t<div class=\"elementor-element elementor-element-fd67f1b e-con-full e-flex e-con e-parent\" data-id=\"fd67f1b\" data-element_type=\"container\">\n\t\t\t\t<div class=\"elementor-element elementor-element-786e8bb elementor-widget elementor-widget-text-editor\" data-id=\"786e8bb\" data-element_type=\"widget\" data-widget_type=\"text-editor.default\">\n\t\t\t\t<div class=\"elementor-widget-container\">\n\t\t\t\t\t\t\t\t\t<p>Les pr\u00e9sentes conditions g\u00e9n\u00e9rales d&rsquo;utilisation (ci-apr\u00e8s d\u00e9nomm\u00e9es \u00ab CG \u201c) ont pour objet de donner un cadre juridique \u00e0 la mise \u00e0 disposition du site et de ses services et de d\u00e9finir les conditions d&rsquo;acc\u00e8s et d&rsquo;utilisation des services par l\u201d \u00bb Utilisateur \u00ab .<\/p><p>Toute inscription ou utilisation du site implique l&rsquo;acceptation sans r\u00e9serve et sans restriction des pr\u00e9sentes CT par l&rsquo;utilisateur. En s&rsquo;inscrivant sur le site via le formulaire d&rsquo;inscription, chaque utilisateur accepte express\u00e9ment les pr\u00e9sentes CT en cochant la case pr\u00e9c\u00e9dant le texte suivant : \u00ab Je reconnais avoir lu et compris les CT et je les accepte. \u00ab . En cas de non-acceptation des CG stipul\u00e9es dans le pr\u00e9sent contrat, l&rsquo;Utilisateur doit renoncer \u00e0 l&rsquo;acc\u00e8s aux services offerts par le site dream-five.com. dream-five.com se r\u00e9serve le droit de modifier unilat\u00e9ralement et \u00e0 tout moment le contenu des pr\u00e9sentes CG.<br>Traduit avec DeepL.com (version gratuite)   <\/p><p><strong>ARTICLE 1 : INFORMATIONS JURIDIQUES<\/strong><\/p><p>Le site dream-five.com est \u00e9dit\u00e9 et publi\u00e9 par DREAM FIVE,<br>domicili\u00e9 Seestrasse 495 Z\u00fcrich 8038.<br>Adresse \u00e9lectronique : dreamfive.contact@gmail.com<\/p><p>Le site dream-five.com est h\u00e9berg\u00e9 par la soci\u00e9t\u00e9 OVH, dont le si\u00e8ge social est situ\u00e9 2, rue<br>Kellermann, 59100 Roubaix.<\/p><p><strong>ARTICLE 2 : ACC\u00c8S AU SITE WEB<\/strong><\/p><p>Le site dream-five.com permet \u00e0 l&rsquo;utilisateur d&rsquo;acc\u00e9der gratuitement aux services suivants :<br>Le site propose les services suivants :<br>Vente de v\u00eatements de sport.<br>Le site est accessible gratuitement en tout lieu \u00e0 tout Utilisateur disposant d&rsquo;un acc\u00e8s \u00e0 Internet. Tous les co\u00fbts encourus par l&rsquo;Utilisateur pour acc\u00e9der au service (mat\u00e9riel, logiciel, connexion Internet, etc.) sont \u00e0 la charge de l&rsquo;Utilisateur. Les utilisateurs non membres n&rsquo;ont pas acc\u00e8s aux services r\u00e9serv\u00e9s. Pour ce faire, ils doivent s&rsquo;inscrire en remplissant le formulaire. En acceptant de s&rsquo;inscrire aux services r\u00e9serv\u00e9s, l&rsquo;Utilisateur membre s&rsquo;engage \u00e0 fournir des informations sinc\u00e8res et exactes concernant son \u00e9tat civil et ses coordonn\u00e9es, notamment son adresse \u00e9lectronique.    <\/p><p>Pour acc\u00e9der aux services, l&rsquo;Utilisateur doit ensuite s&rsquo;identifier \u00e0 l&rsquo;aide de son identifiant et de son mot de passe, qui lui seront communiqu\u00e9s apr\u00e8s son inscription. Les Utilisateurs-membres r\u00e9guli\u00e8rement inscrits peuvent \u00e9galement demander leur d\u00e9sinscription en se rendant sur la page d\u00e9di\u00e9e de leur espace personnel. La d\u00e9sinscription sera effective dans un d\u00e9lai raisonnable. dream-five.com ne pourra \u00eatre tenu responsable en cas de force majeure entra\u00eenant un dysfonctionnement du site ou du serveur, sous r\u00e9serve de toute interruption ou modification pour les besoins de la maintenance. Dans ce cas, l&rsquo;Utilisateur s&rsquo;engage \u00e0 ne pas tenir l&rsquo;\u00e9diteur pour responsable de toute interruption ou suspension de service, m\u00eame sans pr\u00e9avis. L&rsquo;Utilisateur peut contacter le site par courrier \u00e9lectronique \u00e0 l&rsquo;adresse \u00e9lectronique de l&rsquo;\u00e9diteur indiqu\u00e9e \u00e0 l&rsquo;ARTICLE 1.     <\/p><p><strong>ARTICLE 3 : COLLECTE DE DONN\u00c9ES<\/strong><\/p><p>The site ensures that the User&rsquo;s personal information is collected and processed with due respect for privacy, in accordance with the French Data Protection Act no. 78-17 of January 6, 1978. In accordance with the French Data Protection Act of January 6, 1978, Users have the right to access, rectify, delete and oppose their personal data. The User may exercise this right :<br>&#8211; by e-mail to dreamfive.contact@gmail.com<br>&#8211; via a contact form;  <\/p><p><strong>ARTICLE 4 : COPYRIGHT<\/strong><\/p><p>Les marques, logos, signes et tout le contenu du site (textes, images, sons, etc.) sont prot\u00e9g\u00e9s par le Code de la propri\u00e9t\u00e9 intellectuelle fran\u00e7ais, et plus particuli\u00e8rement par le droit d&rsquo;auteur. La marque DREAM FIVE est une marque d\u00e9pos\u00e9e. Toute repr\u00e9sentation et\/ou reproduction et\/ou exploitation partielle ou totale de cette marque, de quelque nature que ce soit, est totalement interdite. L&rsquo;Utilisateur doit solliciter l&rsquo;autorisation pr\u00e9alable du site pour toute reproduction, publication ou copie des diff\u00e9rents contenus. Toute utilisation des contenus du site \u00e0 des fins commerciales ou publicitaires est strictement interdite. Toute repr\u00e9sentation totale ou partielle de ce site par quelque proc\u00e9d\u00e9 que ce soit, sans l&rsquo;autorisation expresse de l&rsquo;exploitant du site, constituerait une contrefa\u00e7on sanctionn\u00e9e par les articles L 335-2 et suivants du Code de la propri\u00e9t\u00e9 intellectuelle. Conform\u00e9ment \u00e0 l&rsquo;article L122-5 du Code de la Propri\u00e9t\u00e9 Intellectuelle, l&rsquo;Utilisateur qui reproduit, copie ou publie un contenu prot\u00e9g\u00e9 doit en citer l&rsquo;auteur et la source.       <\/p><p><strong>ARTICLE 5 : RESPONSABILIT\u00c9<\/strong><\/p><p>Les sources des informations publi\u00e9es sur le site dream-five.com sont r\u00e9put\u00e9es fiables, mais le site ne garantit pas qu&rsquo;elles soient exemptes de d\u00e9fauts, d&rsquo;erreurs ou d&rsquo;omissions. Les informations fournies le sont \u00e0 titre indicatif et ne sont pas contractuelles. Malgr\u00e9 des mises \u00e0 jour r\u00e9guli\u00e8res, le site dream-five.com ne peut \u00eatre tenu responsable de la modification de dispositions administratives et juridiques survenant apr\u00e8s la publication. De m\u00eame, le site ne peut \u00eatre tenu responsable de l&rsquo;utilisation et de l&rsquo;interpr\u00e9tation de l&rsquo;information contenue dans ce site. L&rsquo;utilisateur est responsable de la conservation du secret de son mot de passe. Toute divulgation du mot de passe, sous quelque forme que ce soit, est interdite. L&rsquo;utilisateur assume tous les risques li\u00e9s \u00e0 l&rsquo;utilisation de son identifiant et de son mot de passe.<br>et de son mot de passe. Le site d\u00e9cline toute responsabilit\u00e9. Le site dream-five.com ne peut \u00eatre tenu pour responsable d&rsquo;\u00e9ventuels virus qui pourraient infecter l&rsquo;ordinateur ou tout mat\u00e9riel informatique de l&rsquo;Internaute, suite \u00e0 une utilisation, \u00e0 l&rsquo;acc\u00e8s, ou au t\u00e9l\u00e9chargement provenant de ce site. Le site ne peut \u00eatre tenu pour responsable en cas de force majeure ou du fait impr\u00e9visible et insurmontable d&rsquo;un tiers.         <\/p><p><strong>ARTICLE 6 : LIENS HYPERTEXTES<\/strong><\/p><p>Des liens hypertextes peuvent \u00eatre pr\u00e9sents sur le site. L&rsquo;utilisateur est inform\u00e9 qu&rsquo;en cliquant sur ces liens, il quitte le site dream-five.com. Ce dernier n&rsquo;exerce aucun contr\u00f4le sur les pages web auxquelles ces liens renvoient et ne peut en aucun cas \u00eatre tenu pour responsable de leur contenu.  <\/p><p><strong>ARTICLE 7 :<\/strong> <strong>COOKIES<\/strong><\/p><p>L&rsquo;utilisateur est inform\u00e9 que lors de ses visites sur le site, un cookie peut s&rsquo;installer automatiquement sur son logiciel de navigation. Les cookies sont des petits fichiers stock\u00e9s temporairement sur le disque dur de l&rsquo;ordinateur de l&rsquo;Utilisateur par votre navigateur et qui sont n\u00e9cessaires \u00e0 l&rsquo;utilisation du site dream-five.com. Les<br>cookies ne contiennent aucune information personnelle et ne peuvent \u00eatre utilis\u00e9s pour identifier qui que ce soit. Un cookie contient un identifiant unique, g\u00e9n\u00e9r\u00e9 de mani\u00e8re al\u00e9atoire et donc anonyme. Certains cookies expirent \u00e0 la fin de la visite de l&rsquo;utilisateur, d&rsquo;autres restent. Les informations contenues dans les cookies sont utilis\u00e9es pour am\u00e9liorer le site dream-five.com. En naviguant sur le site, l&rsquo;Utilisateur les accepte. L&rsquo;Utilisateur peut d\u00e9sactiver ces cookies en utilisant les param\u00e8tres de son logiciel de navigation.       <\/p><p><strong>ARTICLE 8 : DROIT APPLICABLE ET JURIDICTION<\/strong><\/p><p>Le pr\u00e9sent contrat est r\u00e9gi par le droit fran\u00e7ais. En cas d&rsquo;absence de r\u00e9solution amiable d&rsquo;un litige entre les parties, les tribunaux fran\u00e7ais seront seuls comp\u00e9tents. Pour toute question relative \u00e0 l&rsquo;application des pr\u00e9sentes CGU, vous pouvez contacter l&rsquo;\u00e9diteur \u00e0 l&rsquo;adresse indiqu\u00e9e \u00e0 l&rsquo;ARTICLE 1.  <\/p>\t\t\t\t\t\t\t\t<\/div>\n\t\t\t\t<\/div>\n\t\t\t\t<\/div>\n\t\t\t\t<\/div>\n\t\t","protected":false},"excerpt":{"rendered":"<p>&#8230;<\/p>\n","protected":false},"author":1,"featured_media":0,"parent":0,"menu_order":0,"comment_status":"closed","ping_status":"closed","template":"","meta":{"footnotes":""},"class_list":["post-5893","page","type-page","status-publish","hentry"],"_links":{"self":[{"href":"https:\/\/dream-five.com\/fr\/wp-json\/wp\/v2\/pages\/5893","targetHints":{"allow":["GET"]}}],"collection":[{"href":"https:\/\/dream-five.com\/fr\/wp-json\/wp\/v2\/pages"}],"about":[{"href":"https:\/\/dream-five.com\/fr\/wp-json\/wp\/v2\/types\/page"}],"author":[{"embeddable":true,"href":"https:\/\/dream-five.com\/fr\/wp-json\/wp\/v2\/users\/1"}],"replies":[{"embeddable":true,"href":"https:\/\/dream-five.com\/fr\/wp-json\/wp\/v2\/comments?post=5893"}],"version-history":[{"count":1,"href":"https:\/\/dream-five.com\/fr\/wp-json\/wp\/v2\/pages\/5893\/revisions"}],"predecessor-version":[{"id":5894,"href":"https:\/\/dream-five.com\/fr\/wp-json\/wp\/v2\/pages\/5893\/revisions\/5894"}],"wp:attachment":[{"href":"https:\/\/dream-five.com\/fr\/wp-json\/wp\/v2\/media?parent=5893"}],"curies":[{"name":"wp","href":"https:\/\/api.w.org\/{rel}","templated":true}]}}