{"id":5714,"date":"2024-09-15T10:34:04","date_gmt":"2024-09-15T08:34:04","guid":{"rendered":"https:\/\/dream-five.com\/notre-histoire\/"},"modified":"2025-07-09T23:10:00","modified_gmt":"2025-07-09T21:10:00","slug":"notre-histoire","status":"publish","type":"page","link":"https:\/\/dream-five.com\/fr\/notre-histoire\/","title":{"rendered":"Notre histoire"},"content":{"rendered":"\t\t<div data-elementor-type=\"wp-page\" data-elementor-id=\"5714\" class=\"elementor elementor-5714 elementor-32\" data-elementor-post-type=\"page\">\n\t\t\t\t<div class=\"elementor-element elementor-element-4f57e0b e-con-full e-flex e-con e-parent\" data-id=\"4f57e0b\" data-element_type=\"container\" data-settings=\"{&quot;background_background&quot;:&quot;classic&quot;}\">\n\t\t\t\t<div class=\"elementor-element elementor-element-f2e56b8 elementor-widget elementor-widget-heading\" data-id=\"f2e56b8\" data-element_type=\"widget\" data-widget_type=\"heading.default\">\n\t\t\t\t<div class=\"elementor-widget-container\">\n\t\t\t\t\t<h2 class=\"elementor-heading-title elementor-size-default\">NOTRE HISTOIRE<\/h2>\t\t\t\t<\/div>\n\t\t\t\t<\/div>\n\t\t\t\t<div class=\"elementor-element elementor-element-ab21066 elementor-widget elementor-widget-text-editor\" data-id=\"ab21066\" data-element_type=\"widget\" data-widget_type=\"text-editor.default\">\n\t\t\t\t<div class=\"elementor-widget-container\">\n\t\t\t\t\t\t\t\t\t<p class=\"p1\">Bienvenue sur notre site Dream Five d\u00e9di\u00e9 au jiu-jitsu br\u00e9silien et aux sports de combat.<\/p>\t\t\t\t\t\t\t\t<\/div>\n\t\t\t\t<\/div>\n\t\t\t\t<\/div>\n\t\t<div class=\"elementor-element elementor-element-6a7cc8d e-flex e-con-boxed e-con e-parent\" data-id=\"6a7cc8d\" data-element_type=\"container\">\n\t\t\t\t\t<div class=\"e-con-inner\">\n\t\t\t\t<div class=\"elementor-element elementor-element-82787b8 elementor-widget__width-initial elementor-position-top elementor-widget elementor-widget-image-box\" data-id=\"82787b8\" data-element_type=\"widget\" data-widget_type=\"image-box.default\">\n\t\t\t\t<div class=\"elementor-widget-container\">\n\t\t\t\t\t<div class=\"elementor-image-box-wrapper\"><figure class=\"elementor-image-box-img\"><img loading=\"lazy\" loading=\"lazy\" decoding=\"async\" width=\"150\" height=\"150\" src=\"https:\/\/dream-five.com\/wp-content\/uploads\/2025\/01\/all-gi-150x150.jpg\" class=\"attachment-thumbnail size-thumbnail wp-image-5078\" alt=\"\" srcset=\"https:\/\/dream-five.com\/wp-content\/uploads\/2025\/01\/all-gi-150x150.jpg 150w, https:\/\/dream-five.com\/wp-content\/uploads\/2025\/01\/all-gi-300x300.jpg 300w, https:\/\/dream-five.com\/wp-content\/uploads\/2025\/01\/all-gi-100x100.jpg 100w, https:\/\/dream-five.com\/wp-content\/uploads\/2025\/01\/all-gi-1x1.jpg 1w\" sizes=\"auto, (max-width: 150px) 100vw, 150px\" \/><\/figure><div class=\"elementor-image-box-content\"><h3 class=\"elementor-image-box-title\">Design unique<\/h3><p class=\"elementor-image-box-description\">Exprimez votre style avec nos kimonos aux couleurs uniques et audacieuses, con\u00e7us pour se d\u00e9marquer sur le tatami.<\/p><\/div><\/div>\t\t\t\t<\/div>\n\t\t\t\t<\/div>\n\t\t\t\t<div class=\"elementor-element elementor-element-47ee373 elementor-widget__width-initial elementor-position-top elementor-widget elementor-widget-image-box\" data-id=\"47ee373\" data-element_type=\"widget\" data-widget_type=\"image-box.default\">\n\t\t\t\t<div class=\"elementor-widget-container\">\n\t\t\t\t\t<div class=\"elementor-image-box-wrapper\"><figure class=\"elementor-image-box-img\"><img decoding=\"async\" src=\"http:\/\/dream-five.com\/wp-content\/uploads\/2025\/01\/yellow-gi-details-scaled.jpg\" title=\"\" alt=\"\" loading=\"lazy\" \/><\/figure><div class=\"elementor-image-box-content\"><h3 class=\"elementor-image-box-title\">R\u00e9sistance<\/h3><p class=\"elementor-image-box-description\">Mat\u00e9riaux robustes et renforc\u00e9s pour r\u00e9sister \u00e0 l'entra\u00eenement intensif et \u00e0 la comp\u00e9tition.<\/p><\/div><\/div>\t\t\t\t<\/div>\n\t\t\t\t<\/div>\n\t\t\t\t<div class=\"elementor-element elementor-element-bb68d7e elementor-widget__width-initial elementor-position-top elementor-widget elementor-widget-image-box\" data-id=\"bb68d7e\" data-element_type=\"widget\" data-widget_type=\"image-box.default\">\n\t\t\t\t<div class=\"elementor-widget-container\">\n\t\t\t\t\t<div class=\"elementor-image-box-wrapper\"><figure class=\"elementor-image-box-img\"><img loading=\"lazy\" loading=\"lazy\" decoding=\"async\" width=\"150\" height=\"150\" src=\"https:\/\/dream-five.com\/wp-content\/uploads\/2025\/01\/all-gi-2-150x150.jpeg\" class=\"attachment-thumbnail size-thumbnail wp-image-5076\" alt=\"\" srcset=\"https:\/\/dream-five.com\/wp-content\/uploads\/2025\/01\/all-gi-2-150x150.jpeg 150w, https:\/\/dream-five.com\/wp-content\/uploads\/2025\/01\/all-gi-2-300x300.jpeg 300w, https:\/\/dream-five.com\/wp-content\/uploads\/2025\/01\/all-gi-2-100x100.jpeg 100w, https:\/\/dream-five.com\/wp-content\/uploads\/2025\/01\/all-gi-2-1x1.jpeg 1w\" sizes=\"auto, (max-width: 150px) 100vw, 150px\" \/><\/figure><div class=\"elementor-image-box-content\"><h3 class=\"elementor-image-box-title\">Livraison rapide<\/h3><p class=\"elementor-image-box-description\">Profitez de la livraison rapide pour recevoir votre kimono en un temps record, pr\u00eat \u00e0 vous accompagner sur les tatamis.<\/p><\/div><\/div>\t\t\t\t<\/div>\n\t\t\t\t<\/div>\n\t\t\t\t\t<\/div>\n\t\t\t\t<\/div>\n\t\t<div class=\"elementor-element elementor-element-e132d3c e-flex e-con-boxed e-con e-parent\" data-id=\"e132d3c\" data-element_type=\"container\">\n\t\t\t\t\t<div class=\"e-con-inner\">\n\t\t<div class=\"elementor-element elementor-element-133a9bb e-con-full e-flex e-con e-child\" data-id=\"133a9bb\" data-element_type=\"container\" data-settings=\"{&quot;motion_fx_motion_fx_scrolling&quot;:&quot;yes&quot;,&quot;motion_fx_translateY_effect&quot;:&quot;yes&quot;,&quot;motion_fx_translateY_speed&quot;:{&quot;unit&quot;:&quot;px&quot;,&quot;size&quot;:2,&quot;sizes&quot;:[]},&quot;motion_fx_translateY_affectedRange&quot;:{&quot;unit&quot;:&quot;%&quot;,&quot;size&quot;:&quot;&quot;,&quot;sizes&quot;:{&quot;start&quot;:19,&quot;end&quot;:100}},&quot;motion_fx_devices&quot;:[&quot;desktop&quot;]}\">\n\t\t\t\t<div class=\"elementor-element elementor-element-076f90c elementor-widget elementor-widget-heading\" data-id=\"076f90c\" data-element_type=\"widget\" data-widget_type=\"heading.default\">\n\t\t\t\t<div class=\"elementor-widget-container\">\n\t\t\t\t\t<h2 class=\"elementor-heading-title elementor-size-default\">Partager la passion, porter l'excellence<\/h2>\t\t\t\t<\/div>\n\t\t\t\t<\/div>\n\t\t\t\t<div class=\"elementor-element elementor-element-c98afca elementor-widget elementor-widget-text-editor\" data-id=\"c98afca\" data-element_type=\"widget\" data-widget_type=\"text-editor.default\">\n\t\t\t\t<div class=\"elementor-widget-container\">\n\t\t\t\t\t\t\t\t\t<p class=\"p1\">Je suis Tahar Semlali, fondateur de Dream Five, champion du monde et d&rsquo;Europe de jiu-jitsu br\u00e9silien. Apr\u00e8s des ann\u00e9es de pratique et de comp\u00e9tition, j&rsquo;ai voulu cr\u00e9er une marque qui refl\u00e8te ma passion et mes valeurs. <\/p>\t\t\t\t\t\t\t\t<\/div>\n\t\t\t\t<\/div>\n\t\t\t\t<div class=\"elementor-element elementor-element-1d1610b elementor-hidden-mobile elementor-widget elementor-widget-image\" data-id=\"1d1610b\" data-element_type=\"widget\" data-widget_type=\"image.default\">\n\t\t\t\t<div class=\"elementor-widget-container\">\n\t\t\t\t\t\t\t\t\t\t\t\t\t\t\t<img loading=\"lazy\" loading=\"lazy\" decoding=\"async\" width=\"1511\" height=\"1511\" src=\"https:\/\/dream-five.com\/wp-content\/uploads\/2025\/01\/all-gi-3.jpeg\" class=\"attachment-full size-full wp-image-5667\" alt=\"\" srcset=\"https:\/\/dream-five.com\/wp-content\/uploads\/2025\/01\/all-gi-3.jpeg 1511w, https:\/\/dream-five.com\/wp-content\/uploads\/2025\/01\/all-gi-3-300x300.jpeg 300w, https:\/\/dream-five.com\/wp-content\/uploads\/2025\/01\/all-gi-3-1024x1024.jpeg 1024w, https:\/\/dream-five.com\/wp-content\/uploads\/2025\/01\/all-gi-3-150x150.jpeg 150w, https:\/\/dream-five.com\/wp-content\/uploads\/2025\/01\/all-gi-3-768x768.jpeg 768w, https:\/\/dream-five.com\/wp-content\/uploads\/2025\/01\/all-gi-3-600x600.jpeg 600w, https:\/\/dream-five.com\/wp-content\/uploads\/2025\/01\/all-gi-3-100x100.jpeg 100w, https:\/\/dream-five.com\/wp-content\/uploads\/2025\/01\/all-gi-3-1x1.jpeg 1w, https:\/\/dream-five.com\/wp-content\/uploads\/2025\/01\/all-gi-3-10x10.jpeg 10w\" sizes=\"auto, (max-width: 1511px) 100vw, 1511px\" \/>\t\t\t\t\t\t\t\t\t\t\t\t\t\t\t<\/div>\n\t\t\t\t<\/div>\n\t\t\t\t<\/div>\n\t\t<div class=\"elementor-element elementor-element-eeaa7e3 e-con-full e-flex e-con e-child\" data-id=\"eeaa7e3\" data-element_type=\"container\" data-settings=\"{&quot;motion_fx_motion_fx_scrolling&quot;:&quot;yes&quot;,&quot;motion_fx_translateY_effect&quot;:&quot;yes&quot;,&quot;motion_fx_translateY_direction&quot;:&quot;negative&quot;,&quot;motion_fx_translateY_speed&quot;:{&quot;unit&quot;:&quot;px&quot;,&quot;size&quot;:2,&quot;sizes&quot;:[]},&quot;motion_fx_translateY_affectedRange&quot;:{&quot;unit&quot;:&quot;%&quot;,&quot;size&quot;:&quot;&quot;,&quot;sizes&quot;:{&quot;start&quot;:0,&quot;end&quot;:75}},&quot;motion_fx_devices&quot;:[&quot;desktop&quot;],&quot;motion_fx_motion_fx_mouse&quot;:&quot;yes&quot;}\">\n\t\t\t\t<div class=\"elementor-element elementor-element-2bd464d elementor-widget elementor-widget-image\" data-id=\"2bd464d\" data-element_type=\"widget\" data-widget_type=\"image.default\">\n\t\t\t\t<div class=\"elementor-widget-container\">\n\t\t\t\t\t\t\t\t\t\t\t\t\t\t\t<img loading=\"lazy\" loading=\"lazy\" decoding=\"async\" width=\"768\" height=\"1075\" src=\"https:\/\/dream-five.com\/wp-content\/uploads\/2025\/01\/tahar-poster-768x1075.jpg\" class=\"attachment-medium_large size-medium_large wp-image-5705\" alt=\"\" srcset=\"https:\/\/dream-five.com\/wp-content\/uploads\/2025\/01\/tahar-poster-768x1075.jpg 768w, https:\/\/dream-five.com\/wp-content\/uploads\/2025\/01\/tahar-poster-214x300.jpg 214w, https:\/\/dream-five.com\/wp-content\/uploads\/2025\/01\/tahar-poster-731x1024.jpg 731w, https:\/\/dream-five.com\/wp-content\/uploads\/2025\/01\/tahar-poster-1097x1536.jpg 1097w, https:\/\/dream-five.com\/wp-content\/uploads\/2025\/01\/tahar-poster-600x840.jpg 600w, https:\/\/dream-five.com\/wp-content\/uploads\/2025\/01\/tahar-poster-1x1.jpg 1w, https:\/\/dream-five.com\/wp-content\/uploads\/2025\/01\/tahar-poster-7x10.jpg 7w, https:\/\/dream-five.com\/wp-content\/uploads\/2025\/01\/tahar-poster.jpg 1417w\" sizes=\"auto, (max-width: 768px) 100vw, 768px\" \/>\t\t\t\t\t\t\t\t\t\t\t\t\t\t\t<\/div>\n\t\t\t\t<\/div>\n\t\t\t\t<\/div>\n\t\t\t\t\t<\/div>\n\t\t\t\t<\/div>\n\t\t<div class=\"elementor-element elementor-element-0a3e595 e-con-full e-flex e-con e-parent\" data-id=\"0a3e595\" data-element_type=\"container\" data-settings=\"{&quot;background_background&quot;:&quot;classic&quot;}\">\n\t\t<div class=\"elementor-element elementor-element-dd1a300 e-con-full e-flex e-con e-child\" data-id=\"dd1a300\" data-element_type=\"container\">\n\t\t\t\t<div class=\"elementor-element elementor-element-aced3ce elementor-widget elementor-widget-image\" data-id=\"aced3ce\" data-element_type=\"widget\" data-widget_type=\"image.default\">\n\t\t\t\t<div class=\"elementor-widget-container\">\n\t\t\t\t\t\t\t\t\t\t\t\t\t\t\t<img decoding=\"async\" src=\"http:\/\/dream-five.com\/wp-content\/uploads\/2025\/01\/pink-gi-2.jpeg\" title=\"\" alt=\"\" loading=\"lazy\" \/>\t\t\t\t\t\t\t\t\t\t\t\t\t\t\t<\/div>\n\t\t\t\t<\/div>\n\t\t\t\t<\/div>\n\t\t<div class=\"elementor-element elementor-element-9077a88 e-con-full e-flex e-con e-child\" data-id=\"9077a88\" data-element_type=\"container\">\n\t\t\t\t<div class=\"elementor-element elementor-element-a9e2c27 elementor-widget elementor-widget-heading\" data-id=\"a9e2c27\" data-element_type=\"widget\" data-widget_type=\"heading.default\">\n\t\t\t\t<div class=\"elementor-widget-container\">\n\t\t\t\t\t<h2 class=\"elementor-heading-title elementor-size-default\">Pourquoi choisir Dream Five ?<\/h2>\t\t\t\t<\/div>\n\t\t\t\t<\/div>\n\t\t\t\t<div class=\"elementor-element elementor-element-31c0510 elementor-widget elementor-widget-text-editor\" data-id=\"31c0510\" data-element_type=\"widget\" data-widget_type=\"text-editor.default\">\n\t\t\t\t<div class=\"elementor-widget-container\">\n\t\t\t\t\t\t\t\t\t<p>Gr\u00e2ce \u00e0 notre exp\u00e9rience, nous savons exactement ce que chaque praticien recherche sur le tatami.<\/p><p>Nous proposons des kimonos et des \u00e9quipements de sports de combat de grande qualit\u00e9, alliant confort et durabilit\u00e9. Chaque produit est con\u00e7u pour accompagner les pratiquants \u00e0 chaque \u00e9tape de leur carri\u00e8re, du d\u00e9butant au comp\u00e9titeur chevronn\u00e9. <\/p><p>Anim\u00e9s par une profonde passion pour le jiu-jitsu br\u00e9silien, nous nous engageons \u00e0 vous proposer des \u00e9quipements qui r\u00e9pondent parfaitement \u00e0 vos besoins.<\/p>\t\t\t\t\t\t\t\t<\/div>\n\t\t\t\t<\/div>\n\t\t<div class=\"elementor-element elementor-element-00c7821 e-con-full e-flex e-con e-child\" data-id=\"00c7821\" data-element_type=\"container\">\n\t\t\t\t<div class=\"elementor-element elementor-element-73c7bb1 elementor-widget elementor-widget-text_button\" data-id=\"73c7bb1\" data-element_type=\"widget\" data-widget_type=\"text_button.default\">\n\t\t\t\t<div class=\"elementor-widget-container\">\n\t\t\t\t\t<div class=\"etheme-button-wrapper\"><a href=\"https:\/\/dream-five.com\/shop\/\" class=\"fill-none etheme-text-button elementor-button\" role=\"button\">\n        <span class=\"elementor-button-content-wrapper\">\n            \n\t\t\t<span class=\"elementor-button-text\">Boutique<\/span>\n\n            \n            \n        <\/span><\/a><\/div>\t\t\t\t<\/div>\n\t\t\t\t<\/div>\n\t\t\t\t<div class=\"elementor-element elementor-element-f76ca17 elementor-widget elementor-widget-text_button\" data-id=\"f76ca17\" data-element_type=\"widget\" data-widget_type=\"text_button.default\">\n\t\t\t\t<div class=\"elementor-widget-container\">\n\t\t\t\t\t<div class=\"etheme-button-wrapper\"><a href=\"https:\/\/dream-five.com\/contact\/\" class=\"fill-none etheme-text-button elementor-button\" role=\"button\">\n        <span class=\"elementor-button-content-wrapper\">\n            \n\t\t\t<span class=\"elementor-button-text\">Contact<\/span>\n\n            \n            \n        <\/span><\/a><\/div>\t\t\t\t<\/div>\n\t\t\t\t<\/div>\n\t\t\t\t<\/div>\n\t\t\t\t<\/div>\n\t\t\t\t<\/div>\n\t\t<div class=\"elementor-element elementor-element-c504d7b e-flex e-con-boxed e-con e-parent\" data-id=\"c504d7b\" data-element_type=\"container\">\n\t\t\t\t\t<div class=\"e-con-inner\">\n\t\t<div class=\"elementor-element elementor-element-87a6279 e-con-full e-flex e-con e-child\" data-id=\"87a6279\" data-element_type=\"container\">\n\t\t\t\t<div class=\"elementor-element elementor-element-bd06aa8 elementor-widget elementor-widget-heading\" data-id=\"bd06aa8\" data-element_type=\"widget\" data-widget_type=\"heading.default\">\n\t\t\t\t<div class=\"elementor-widget-container\">\n\t\t\t\t\t<h2 class=\"elementor-heading-title elementor-size-default\">Rejoignez notre communaut\u00e9<\/h2>\t\t\t\t<\/div>\n\t\t\t\t<\/div>\n\t\t\t\t<div class=\"elementor-element elementor-element-f818798 elementor-widget elementor-widget-text-editor\" data-id=\"f818798\" data-element_type=\"widget\" data-widget_type=\"text-editor.default\">\n\t\t\t\t<div class=\"elementor-widget-container\">\n\t\t\t\t\t\t\t\t\t<p>Rejoignez notre communaut\u00e9 passionn\u00e9e sur Instagram, d\u00e9couvrez nos derni\u00e8res actualit\u00e9s, des conseils exclusifs et partagez vos moments sur les tatamis avec nous ! #DreamFive<\/p>\t\t\t\t\t\t\t\t<\/div>\n\t\t\t\t<\/div>\n\t\t\t\t<div class=\"elementor-element elementor-element-b860cf4 elementor-widget elementor-widget-text-editor\" data-id=\"b860cf4\" data-element_type=\"widget\" data-widget_type=\"text-editor.default\">\n\t\t\t\t<div class=\"elementor-widget-container\">\n\t\t\t\t\t\t\t\t\t<p>Rejoignez notre communaut\u00e9 passionn\u00e9e sur Instagram, d\u00e9couvrez nos derni\u00e8res actualit\u00e9s, des conseils exclusifs et partagez vos moments sur les tatamis avec nous ! #DreamFive<\/p>\t\t\t\t\t\t\t\t<\/div>\n\t\t\t\t<\/div>\n\t\t\t\t<div class=\"elementor-element elementor-element-1a24878 elementor-mobile-align-center elementor-widget elementor-widget-text_button\" data-id=\"1a24878\" data-element_type=\"widget\" data-widget_type=\"text_button.default\">\n\t\t\t\t<div class=\"elementor-widget-container\">\n\t\t\t\t\t<div class=\"etheme-button-wrapper\"><a href=\"https:\/\/www.instagram.com\/dream.5five\" class=\"fill-none etheme-text-button elementor-button\" role=\"button\">\n        <span class=\"elementor-button-content-wrapper\">\n            \n\t\t\t<span class=\"elementor-button-text\">Suivez-nous sur Instagram<\/span>\n\n            \n            \n        <\/span><\/a><\/div>\t\t\t\t<\/div>\n\t\t\t\t<\/div>\n\t\t\t\t<\/div>\n\t\t<div class=\"elementor-element elementor-element-eb273d5 e-con-full e-flex e-con e-child\" data-id=\"eb273d5\" data-element_type=\"container\">\n\t\t\t\t<div class=\"elementor-element elementor-element-90205d0 elementor-widget elementor-widget-image\" data-id=\"90205d0\" data-element_type=\"widget\" data-widget_type=\"image.default\">\n\t\t\t\t<div class=\"elementor-widget-container\">\n\t\t\t\t\t\t\t\t\t\t\t\t\t\t\t<img loading=\"lazy\" loading=\"lazy\" decoding=\"async\" width=\"500\" height=\"500\" src=\"https:\/\/dream-five.com\/wp-content\/uploads\/2025\/01\/logo-white.jpg\" class=\"attachment-full size-full wp-image-5615\" alt=\"\" srcset=\"https:\/\/dream-five.com\/wp-content\/uploads\/2025\/01\/logo-white.jpg 500w, https:\/\/dream-five.com\/wp-content\/uploads\/2025\/01\/logo-white-300x300.jpg 300w, https:\/\/dream-five.com\/wp-content\/uploads\/2025\/01\/logo-white-150x150.jpg 150w, https:\/\/dream-five.com\/wp-content\/uploads\/2025\/01\/logo-white-100x100.jpg 100w, https:\/\/dream-five.com\/wp-content\/uploads\/2025\/01\/logo-white-1x1.jpg 1w, https:\/\/dream-five.com\/wp-content\/uploads\/2025\/01\/logo-white-10x10.jpg 10w\" sizes=\"auto, (max-width: 500px) 100vw, 500px\" \/>\t\t\t\t\t\t\t\t\t\t\t\t\t\t\t<\/div>\n\t\t\t\t<\/div>\n\t\t\t\t<\/div>\n\t\t\t\t\t<\/div>\n\t\t\t\t<\/div>\n\t\t\t\t<\/div>\n\t\t","protected":false},"excerpt":{"rendered":"<p>&#8230;<\/p>\n","protected":false},"author":1,"featured_media":0,"parent":0,"menu_order":0,"comment_status":"closed","ping_status":"closed","template":"elementor_header_footer","meta":{"footnotes":""},"class_list":["post-5714","page","type-page","status-publish","hentry"],"_links":{"self":[{"href":"https:\/\/dream-five.com\/fr\/wp-json\/wp\/v2\/pages\/5714","targetHints":{"allow":["GET"]}}],"collection":[{"href":"https:\/\/dream-five.com\/fr\/wp-json\/wp\/v2\/pages"}],"about":[{"href":"https:\/\/dream-five.com\/fr\/wp-json\/wp\/v2\/types\/page"}],"author":[{"embeddable":true,"href":"https:\/\/dream-five.com\/fr\/wp-json\/wp\/v2\/users\/1"}],"replies":[{"embeddable":true,"href":"https:\/\/dream-five.com\/fr\/wp-json\/wp\/v2\/comments?post=5714"}],"version-history":[{"count":10,"href":"https:\/\/dream-five.com\/fr\/wp-json\/wp\/v2\/pages\/5714\/revisions"}],"predecessor-version":[{"id":6709,"href":"https:\/\/dream-five.com\/fr\/wp-json\/wp\/v2\/pages\/5714\/revisions\/6709"}],"wp:attachment":[{"href":"https:\/\/dream-five.com\/fr\/wp-json\/wp\/v2\/media?parent=5714"}],"curies":[{"name":"wp","href":"https:\/\/api.w.org\/{rel}","templated":true}]}}