{"id":6719,"date":"2025-04-25T21:40:43","date_gmt":"2025-04-25T19:40:43","guid":{"rendered":"https:\/\/dream-five.com\/product\/kimono-mini-weiss-mond\/"},"modified":"2025-08-20T03:45:46","modified_gmt":"2025-08-20T01:45:46","slug":"kimono-mini-weiss-mond","status":"publish","type":"product","link":"https:\/\/dream-five.com\/de\/produkt\/kimono-mini-weiss-mond\/","title":{"rendered":"KIMONO KINDER &#8211; MINI WEISS MOND"},"content":{"rendered":"<p><strong>DREAM FIVE<\/strong> hat einen der leichtesten Kimonos auf dem Markt entwickelt, um Sie dabei zu unterst\u00fctzen, Ihre Grenzen zu \u00fcberschreiten &#8211; ob im Training oder im Wettkampf.<\/p>\n<p>Der Name <strong>DREAM FIVE<\/strong> , was \u201eDie f\u00fcnf Tr\u00e4ume\u201c bedeutet, bezieht sich auf die f\u00fcnf G\u00fcrtelfarben des Jiu-Jitsu. Dieser Kimono wurde von leidenschaftlichen und erfahrenen Athleten entworfen, die ihr Know-how verwendet haben, um die perfekte Ausr\u00fcstung zu schaffen, entworfen, um Sie durch jede Herausforderung zu begleiten.<\/p>\n<p>rs steht f\u00fcr Kampfgeist, Entschlossenheit und Leidenschaft, Eigenschaften, die f\u00fcr Jiu-Jitsu unerl\u00e4sslich sind. Der <strong>DREAM FIVE<\/strong> Kimono verk\u00f6rpert diesen unaufhaltsamen Willen, sich jeder Herausforderung zu stellen.<\/p>\n<p><strong>Ein Motto beim Tragen dieses Kimonos:<br \/>\nKEINE AUSREDEN, KEINE GRENZEN.<\/strong><\/p>\n","protected":false},"excerpt":{"rendered":"<div class=\"elementor-element elementor-element-755a39c3 elementor-widget elementor-widget-woocommerce-product-etheme_short_description\" data-id=\"755a39c3\" data-element_type=\"widget\" data-widget_type=\"woocommerce-product-etheme_short_description.default\">\n<div class=\"elementor-widget-container\">\n<div class=\"woocommerce-product-details__short-description\">\n<ul>\n<li class=\"p1\">Leichte Jacke aus 350 g Pearl Weave Gewebe<\/li>\n<li class=\"p1\">Dreifach verst\u00e4rkte Ripstop-Hose mit elastischem Kordelzug<\/li>\n<li>Exklusives Design in limitierter Auflage<\/li>\n<li>Geliefert mit Tragetasche<\/li>\n<\/ul>\n<\/div>\n<\/div>\n<\/div>\n<div class=\"elementor-element elementor-element-6281db8c e-con-full e-flex e-con e-child\" data-id=\"6281db8c\" data-element_type=\"container\">\n<div class=\"elementor-element elementor-element-1a8a7183 elementor-widget elementor-widget-woocommerce-product-etheme_price\" data-id=\"1a8a7183\" data-element_type=\"widget\" data-widget_type=\"woocommerce-product-etheme_price.default\">\n<div class=\"elementor-widget-container\"><\/div>\n<\/div>\n<\/div>\n","protected":false},"featured_media":7199,"comment_status":"open","ping_status":"closed","template":"","meta":[],"etheme_brands":[],"product_brand":[],"product_cat":[194,195],"product_tag":[],"class_list":{"0":"post-6719","1":"product","2":"type-product","3":"status-publish","4":"has-post-thumbnail","6":"product_cat-kinder","7":"product_cat-kinder-gi","9":"first","10":"instock","11":"shipping-taxable","12":"purchasable","13":"product-type-variable"},"_links":{"self":[{"href":"https:\/\/dream-five.com\/de\/wp-json\/wp\/v2\/product\/6719","targetHints":{"allow":["GET"]}}],"collection":[{"href":"https:\/\/dream-five.com\/de\/wp-json\/wp\/v2\/product"}],"about":[{"href":"https:\/\/dream-five.com\/de\/wp-json\/wp\/v2\/types\/product"}],"replies":[{"embeddable":true,"href":"https:\/\/dream-five.com\/de\/wp-json\/wp\/v2\/comments?post=6719"}],"version-history":[{"count":3,"href":"https:\/\/dream-five.com\/de\/wp-json\/wp\/v2\/product\/6719\/revisions"}],"predecessor-version":[{"id":7933,"href":"https:\/\/dream-five.com\/de\/wp-json\/wp\/v2\/product\/6719\/revisions\/7933"}],"wp:featuredmedia":[{"embeddable":true,"href":"https:\/\/dream-five.com\/de\/wp-json\/wp\/v2\/media\/7199"}],"wp:attachment":[{"href":"https:\/\/dream-five.com\/de\/wp-json\/wp\/v2\/media?parent=6719"}],"wp:term":[{"taxonomy":"brand","embeddable":true,"href":"https:\/\/dream-five.com\/de\/wp-json\/wp\/v2\/etheme_brands?post=6719"},{"taxonomy":"product_brand","embeddable":true,"href":"https:\/\/dream-five.com\/de\/wp-json\/wp\/v2\/product_brand?post=6719"},{"taxonomy":"product_cat","embeddable":true,"href":"https:\/\/dream-five.com\/de\/wp-json\/wp\/v2\/product_cat?post=6719"},{"taxonomy":"product_tag","embeddable":true,"href":"https:\/\/dream-five.com\/de\/wp-json\/wp\/v2\/product_tag?post=6719"}],"curies":[{"name":"wp","href":"https:\/\/api.w.org\/{rel}","templated":true}]}}