{"id":5818,"date":"2025-01-17T18:56:59","date_gmt":"2025-01-17T17:56:59","guid":{"rendered":"https:\/\/dream-five.com\/product\/kimono-frauen-gelb-jupiter\/"},"modified":"2025-07-09T19:35:51","modified_gmt":"2025-07-09T17:35:51","slug":"kimono-frauen-gelb-jupiter","status":"publish","type":"product","link":"https:\/\/dream-five.com\/de\/produkt\/kimono-frauen-gelb-jupiter\/","title":{"rendered":"KIMONO FRAUEN GELB JUPITER"},"content":{"rendered":"<p><strong>DREAM FIVE<\/strong> hat einen der leichtesten Kimonos auf dem Markt entwickelt, um Sie dabei zu unterst\u00fctzen, Ihre Grenzen zu \u00fcberschreiten &#8211; ob im Training oder im Wettkampf.<\/p>\n<p>Der Name <strong>DREAM FIVE<\/strong> , was \u201eDie f\u00fcnf Tr\u00e4ume\u201c bedeutet, bezieht sich auf die f\u00fcnf G\u00fcrtelfarben des Jiu-Jitsu. Dieser Kimono wurde von leidenschaftlichen und erfahrenen Athleten entworfen, die ihr Know-how verwendet haben, um die perfekte Ausr\u00fcstung zu schaffen, entworfen, um Sie durch jede Herausforderung zu begleiten.<\/p>\n<p>Jupiter symbolisiert Wachstum, St\u00e4rke und F\u00fchrung &#8211; perfekte Werte f\u00fcr Jiu-Jitsu. Mit dem <strong>DREAM FIVE<\/strong> Kimono k\u00f6nnen Sie diese Qualit\u00e4ten auf der Matte verk\u00f6rpern und Ihr volles Potenzial entwickeln.<\/p>\n<p><strong>Ein Motto beim Tragen dieses Kimonos:<br \/>\nKEINE AUSREDEN, KEINE GRENZEN.<\/strong><\/p>\n","protected":false},"excerpt":{"rendered":"<ul>\n<li class=\"p1\">Leichte Jacke aus 350 g Pearl Weave Gewebe<\/li>\n<li class=\"p1\">Dreifach verst\u00e4rkte Ripstop-Hose mit elastischem Kordelzug<\/li>\n<li>Exklusives Design in limitierter Auflage<\/li>\n<li>Geliefert mit Tragetasche<\/li>\n<\/ul>\n","protected":false},"featured_media":7568,"comment_status":"open","ping_status":"closed","template":"","meta":[],"etheme_brands":[],"product_brand":[],"product_cat":[150,151],"product_tag":[],"class_list":{"0":"post-5818","1":"product","2":"type-product","3":"status-publish","4":"has-post-thumbnail","6":"product_cat-frauen","7":"product_cat-frauen-gi","9":"first","10":"instock","11":"shipping-taxable","12":"purchasable","13":"product-type-variable"},"_links":{"self":[{"href":"https:\/\/dream-five.com\/de\/wp-json\/wp\/v2\/product\/5818","targetHints":{"allow":["GET"]}}],"collection":[{"href":"https:\/\/dream-five.com\/de\/wp-json\/wp\/v2\/product"}],"about":[{"href":"https:\/\/dream-five.com\/de\/wp-json\/wp\/v2\/types\/product"}],"replies":[{"embeddable":true,"href":"https:\/\/dream-five.com\/de\/wp-json\/wp\/v2\/comments?post=5818"}],"version-history":[{"count":1,"href":"https:\/\/dream-five.com\/de\/wp-json\/wp\/v2\/product\/5818\/revisions"}],"predecessor-version":[{"id":6467,"href":"https:\/\/dream-five.com\/de\/wp-json\/wp\/v2\/product\/5818\/revisions\/6467"}],"wp:featuredmedia":[{"embeddable":true,"href":"https:\/\/dream-five.com\/de\/wp-json\/wp\/v2\/media\/7568"}],"wp:attachment":[{"href":"https:\/\/dream-five.com\/de\/wp-json\/wp\/v2\/media?parent=5818"}],"wp:term":[{"taxonomy":"brand","embeddable":true,"href":"https:\/\/dream-five.com\/de\/wp-json\/wp\/v2\/etheme_brands?post=5818"},{"taxonomy":"product_brand","embeddable":true,"href":"https:\/\/dream-five.com\/de\/wp-json\/wp\/v2\/product_brand?post=5818"},{"taxonomy":"product_cat","embeddable":true,"href":"https:\/\/dream-five.com\/de\/wp-json\/wp\/v2\/product_cat?post=5818"},{"taxonomy":"product_tag","embeddable":true,"href":"https:\/\/dream-five.com\/de\/wp-json\/wp\/v2\/product_tag?post=5818"}],"curies":[{"name":"wp","href":"https:\/\/api.w.org\/{rel}","templated":true}]}}