{"id":5729,"date":"2025-01-13T17:17:45","date_gmt":"2025-01-13T16:17:45","guid":{"rendered":"https:\/\/dream-five.com\/product\/kimono-schwarz-saturne\/"},"modified":"2025-07-09T20:22:32","modified_gmt":"2025-07-09T18:22:32","slug":"kimono-herren-schwarz-saturne","status":"publish","type":"product","link":"https:\/\/dream-five.com\/de\/produkt\/kimono-herren-schwarz-saturne\/","title":{"rendered":"KIMONO HERREN SCHWARZ SATURNE"},"content":{"rendered":"<p><strong>DREAM FIVE <\/strong>hat einen der leichtesten Kimonos auf dem Markt entwickelt, um Sie dabei zu unterst\u00fctzen, Ihre Grenzen zu \u00fcberschreiten &#8211; ob im Training oder im Wettkampf.<\/p>\n<p>Der Name <strong>DREAM FIVE<\/strong> , was \u201eDie f\u00fcnf Tr\u00e4ume\u201c bedeutet, bezieht sich auf die f\u00fcnf G\u00fcrtelfarben des Jiu-Jitsu. Dieser Kimono wurde von leidenschaftlichen und erfahrenen Athleten entworfen, die ihr Know-how verwendet haben, um die perfekte Ausr\u00fcstung zu schaffen, entworfen, um Sie durch jede Herausforderung zu begleiten.<\/p>\n<p>Saturn symbolisiert St\u00e4rke, Best\u00e4ndigkeit und Entschlossenheit &#8211; perfekte Werte f\u00fcr Jiu-Jitsu. Wie seine Ringe steht auch der <strong>DREAM FIVE<\/strong>-Kimono f\u00fcr Ausgeglichenheit und unbegrenztes Potenzial.<\/p>\n<p><strong>Ein Motto beim Tragen dieses Kimonos:<br \/>\nKEINE AUSREDEN, KEINE GRENZEN.<\/strong><\/p>\n","protected":false},"excerpt":{"rendered":"<ul>\n<li class=\"p1\">Leichte Jacke aus 350 g Pearl Weave Gewebe<\/li>\n<li class=\"p1\">Dreifach verst\u00e4rkte Ripstop-Hose mit elastischem Kordelzug<\/li>\n<li>Exklusives Design in limitierter Auflage<\/li>\n<li>Geliefert mit Tragetasche<\/li>\n<\/ul>\n","protected":false},"featured_media":7438,"comment_status":"open","ping_status":"closed","template":"","meta":[],"etheme_brands":[],"product_brand":[],"product_cat":[126,127],"product_tag":[],"class_list":{"0":"post-5729","1":"product","2":"type-product","3":"status-publish","4":"has-post-thumbnail","6":"product_cat-herren","7":"product_cat-herren-gi","9":"first","10":"instock","11":"shipping-taxable","12":"purchasable","13":"product-type-variable"},"_links":{"self":[{"href":"https:\/\/dream-five.com\/de\/wp-json\/wp\/v2\/product\/5729","targetHints":{"allow":["GET"]}}],"collection":[{"href":"https:\/\/dream-five.com\/de\/wp-json\/wp\/v2\/product"}],"about":[{"href":"https:\/\/dream-five.com\/de\/wp-json\/wp\/v2\/types\/product"}],"replies":[{"embeddable":true,"href":"https:\/\/dream-five.com\/de\/wp-json\/wp\/v2\/comments?post=5729"}],"version-history":[{"count":3,"href":"https:\/\/dream-five.com\/de\/wp-json\/wp\/v2\/product\/5729\/revisions"}],"predecessor-version":[{"id":6525,"href":"https:\/\/dream-five.com\/de\/wp-json\/wp\/v2\/product\/5729\/revisions\/6525"}],"wp:featuredmedia":[{"embeddable":true,"href":"https:\/\/dream-five.com\/de\/wp-json\/wp\/v2\/media\/7438"}],"wp:attachment":[{"href":"https:\/\/dream-five.com\/de\/wp-json\/wp\/v2\/media?parent=5729"}],"wp:term":[{"taxonomy":"brand","embeddable":true,"href":"https:\/\/dream-five.com\/de\/wp-json\/wp\/v2\/etheme_brands?post=5729"},{"taxonomy":"product_brand","embeddable":true,"href":"https:\/\/dream-five.com\/de\/wp-json\/wp\/v2\/product_brand?post=5729"},{"taxonomy":"product_cat","embeddable":true,"href":"https:\/\/dream-five.com\/de\/wp-json\/wp\/v2\/product_cat?post=5729"},{"taxonomy":"product_tag","embeddable":true,"href":"https:\/\/dream-five.com\/de\/wp-json\/wp\/v2\/product_tag?post=5729"}],"curies":[{"name":"wp","href":"https:\/\/api.w.org\/{rel}","templated":true}]}}