{"id":7762,"date":"2025-01-18T14:13:47","date_gmt":"2025-01-18T13:13:47","guid":{"rendered":"https:\/\/dream-five.com\/verkaufs-und-nutzungsbedingungen\/"},"modified":"2025-08-17T19:14:45","modified_gmt":"2025-08-17T17:14:45","slug":"verkaufs-und-nutzungsbedingungen","status":"publish","type":"page","link":"https:\/\/dream-five.com\/de\/verkaufs-und-nutzungsbedingungen\/","title":{"rendered":"Verkaufs- und Nutzungsbedingungen"},"content":{"rendered":"\t\t<div data-elementor-type=\"wp-page\" data-elementor-id=\"7762\" class=\"elementor elementor-7762 elementor-5358\" data-elementor-post-type=\"page\">\n\t\t\t\t<div class=\"elementor-element elementor-element-ac58c4e e-con-full e-flex e-con e-parent\" data-id=\"ac58c4e\" data-element_type=\"container\">\n\t\t\t\t<div class=\"elementor-element elementor-element-73f21d7 elementor-widget elementor-widget-text-editor\" data-id=\"73f21d7\" data-element_type=\"widget\" data-widget_type=\"text-editor.default\">\n\t\t\t\t<div class=\"elementor-widget-container\">\n\t\t\t\t\t\t\t\t\t<div data-id=\"b483389\" data-element_type=\"widget\" data-widget_type=\"text-editor.default\"><p><strong>Artikel 1 \u2013 Grunds\u00e4tze<\/strong><\/p><p>Diese Allgemeinen Gesch\u00e4ftsbedingungen stellen die Gesamtheit der Verpflichtungen der Parteien dar. Es wird davon ausgegangen, dass der K\u00e4ufer sie vorbehaltlos akzeptiert.<br> Diese Allgemeinen Verkaufsbedingungen gelten unter Ausschluss aller anderen Bedingungen, insbesondere derjenigen, die f\u00fcr den Verkauf im Ladengesch\u00e4ft oder \u00fcber andere Vertriebs- und Marketingkan\u00e4le gelten.<br> Sie sind auf der Website \u201edream-five.com\u201c verf\u00fcgbar und haben gegebenenfalls Vorrang vor allen anderen Versionen oder allen anderen widerspr\u00fcchlichen Dokumenten.<br> Verk\u00e4ufer und K\u00e4ufer vereinbaren, dass diese Gesch\u00e4ftsbedingungen ausschlie\u00dflich ihre Beziehung regeln. Der Verk\u00e4ufer beh\u00e4lt sich das Recht vor, diese Gesch\u00e4ftsbedingungen von Zeit zu Zeit zu \u00e4ndern. Sie gelten, sobald sie online gestellt werden.<br> Fehlen Verkaufsbedingungen, gelten die im Fernabsatzsektor geltenden Gepflogenheiten f\u00fcr Unternehmen mit Sitz in der Schweiz.   <\/p><\/div><div data-id=\"6fc5418\" data-element_type=\"widget\" data-widget_type=\"text-editor.default\"><p><strong>Artikel 2 \u2013 Inhalt<\/strong><\/p><p>Der Zweck dieser Allgemeinen Gesch\u00e4ftsbedingungen besteht darin, die Rechte und Pflichten der Parteien im Zusammenhang mit dem Online-Verkauf von Waren zu definieren, die der Verk\u00e4ufer dem K\u00e4ufer auf der Website \u201edream-five.com\u201c anbietet.<\/p><p>Diese Bedingungen gelten nur f\u00fcr K\u00e4ufe, die auf der DREAM-FIVE-Website get\u00e4tigt werden und ausschlie\u00dflich auf dem franz\u00f6sischen Festland oder auf Korsika geliefert werden. F\u00fcr Lieferungen in franz\u00f6sische \u00dcberseegebiete oder ins Ausland senden Sie bitte eine Nachricht an die folgende E-Mail-Adresse: dreamfive.contact@gmail.com. Diese K\u00e4ufe betreffen DREAM-FIVE-Produkte.  <\/p><\/div><div data-id=\"48a219a\" data-element_type=\"widget\" data-widget_type=\"text-editor.default\"><p><strong>Artikel 3 \u2013 Vorvertragliche Informationen<\/strong><\/p><p>Vor Aufgabe einer Bestellung und Abschluss eines Vertrags best\u00e4tigt der K\u00e4ufer, dass er in lesbarer und verst\u00e4ndlicher Form \u00fcber die vorliegenden Verkaufsbedingungen und s\u00e4mtliche in Artikel L. 221-5 des franz\u00f6sischen Verbraucherschutzgesetzes aufgef\u00fchrten Informationen informiert wurde.<\/p><p>Folgende Informationen werden dem K\u00e4ufer klar und verst\u00e4ndlich zur Verf\u00fcgung gestellt:<br> &#8211; die wesentlichen Merkmale der Ware;<br> &#8211; den Preis der Ware und\/oder die Methode zur Berechnung des Preises<\/p><p>&#8211; sowie ggf. zus\u00e4tzlich anfallende Transport-, Liefer- oder Portokosten sowie sonstige anfallende Geb\u00fchren.<br> &#8211; sofern der Vertrag nicht sofort ausgef\u00fchrt wird, das Datum oder die Frist, bis zu der sich der Verk\u00e4ufer verpflichtet, die Ware unabh\u00e4ngig vom Preis zu liefern;<br> &#8211; Informationen zur Identit\u00e4t des Verk\u00e4ufers, zu postalischen, telefonischen und elektronischen Kontaktdaten sowie zu Gesch\u00e4ftst\u00e4tigkeiten, zu gesetzlichen Garantien, zu Funktionalit\u00e4ten digitaler Inhalte und gegebenenfalls zur Interoperabilit\u00e4t, zum Vorhandensein und zur Umsetzung von Garantien und anderen Vertragsbedingungen.<\/p><\/div><div data-id=\"aa74d57\" data-element_type=\"widget\" data-widget_type=\"text-editor.default\"><p><strong>Artikel 4 \u2013 Die Bestellung<\/strong><\/p><p>Der K\u00e4ufer kann online \u00fcber den Online-Katalog und das darin enthaltene Formular f\u00fcr jedes Produkt eine Bestellung aufgeben, vorbehaltlich der Verf\u00fcgbarkeit. Der K\u00e4ufer wird \u00fcber die Nichtverf\u00fcgbarkeit des bestellten Produkts oder der bestellten Ware informiert. <\/p><p>Damit die Bestellung best\u00e4tigt werden kann, muss der K\u00e4ufer die vorliegenden Allgemeinen Gesch\u00e4ftsbedingungen akzeptieren, indem er auf die angegebene Stelle klickt. Er muss au\u00dferdem die Lieferadresse und -methode ausw\u00e4hlen und schlie\u00dflich die Zahlungsmethode best\u00e4tigen. Der Verkauf gilt als endg\u00fcltig: &#8211; nachdem der Verk\u00e4ufer dem K\u00e4ufer eine Best\u00e4tigung der Annahme der Bestellung per E-Mail gesendet hat; &#8211; und nachdem der Verk\u00e4ufer die vollst\u00e4ndige Zahlung erhalten hat. Jede Bestellung setzt die Annahme der Preise und Beschreibungen der zum Verkauf stehenden Produkte voraus. Jegliche Streitigkeiten in diesem Punkt werden im Rahmen eines m\u00f6glichen Umtauschs und der unten genannten Garantien beigelegt. In bestimmten F\u00e4llen, insbesondere bei Nichtzahlung, falscher Adresse oder anderen Problemen mit dem Konto des K\u00e4ufers, beh\u00e4lt sich der Verk\u00e4ufer das Recht vor, die Bestellung des K\u00e4ufers zu sperren, bis das Problem gel\u00f6st ist. Bei Fragen zur Nachverfolgung einer Bestellung muss sich der K\u00e4ufer an die folgende E-Mail-Adresse wenden: <strong>dreamfive.contact@gmail.com.<\/strong>      <\/p><\/div><div data-id=\"ace634f\" data-element_type=\"widget\" data-widget_type=\"text-editor.default\"><p><strong>Artikel 5 \u2013 Elektronische Signatur<\/strong><\/p><p>Die Online-Angabe der Kreditkartennummer des K\u00e4ufers und die endg\u00fcltige Best\u00e4tigung der Bestellung gelten als Nachweis der Zustimmung des K\u00e4ufers:<br> &#8211; F\u00e4lligkeit der aus der Bestellung geschuldeten Betr\u00e4ge,<\/p><p>&#8211; Unterschrift und ausdr\u00fcckliche Annahme aller durchgef\u00fchrten Vorg\u00e4nge. Im Falle einer betr\u00fcgerischen Verwendung einer Bankkarte wird der K\u00e4ufer gebeten, den Verk\u00e4ufer per E-Mail zu kontaktieren, sobald dies entdeckt wird. <\/p><\/div><div data-id=\"6341639\" data-element_type=\"widget\" data-widget_type=\"text-editor.default\"><p><strong>Artikel 6 \u2013 Auftragsbest\u00e4tigung<\/strong><\/p><p>Der Verk\u00e4ufer stellt dem K\u00e4ufer eine Kopie des Vertrags per E-Mail zur Verf\u00fcgung.<\/p><p><strong>Artikel 7 \u2013 Transaktionsnachweis<\/strong><\/p><p>Computergest\u00fctzte Register, die unter angemessenen Sicherheitsbedingungen in den Computersystemen des Verk\u00e4ufers gef\u00fchrt werden, gelten als Nachweis f\u00fcr Mitteilungen, Bestellungen und Zahlungen zwischen den Parteien. Kaufauftr\u00e4ge und Rechnungen werden auf einem zuverl\u00e4ssigen und dauerhaften Datentr\u00e4ger archiviert, der als Nachweis vorgelegt werden kann. <\/p><\/div><div data-id=\"e8d2039\" data-element_type=\"widget\" data-widget_type=\"text-editor.default\"><p><strong>Artikel 8 \u2013 Produktinformationen<\/strong><\/p><p>Die diesen Gesch\u00e4ftsbedingungen unterliegenden Produkte sind diejenigen, die auf der Website des Verk\u00e4ufers erscheinen und als vom Verk\u00e4ufer verkauft und versandt gekennzeichnet sind. Sie werden angeboten, solange der Vorrat reicht. <\/p><p>Die Produkte werden so genau wie m\u00f6glich beschrieben und pr\u00e4sentiert. Der Verk\u00e4ufer kann jedoch nicht f\u00fcr Fehler oder Auslassungen in dieser Pr\u00e4sentation verantwortlich gemacht werden. <\/p><p>Produktfotos sind nicht vertraglich bindend.<\/p><\/div><div data-id=\"d2712a6\" data-element_type=\"widget\" data-widget_type=\"text-editor.default\"><p><strong>Artikel 9 \u2013 Preis<\/strong><\/p><p>Der Verk\u00e4ufer beh\u00e4lt sich das Recht vor, seine Preise jederzeit zu \u00e4ndern, verpflichtet sich jedoch, vorbehaltlich der Verf\u00fcgbarkeit an diesem Tag die zum Zeitpunkt der Bestellung g\u00fcltigen Preise anzuwenden.<br> Die Preise sind in Euro angegeben. Sie enthalten keine Versandkosten, die zus\u00e4tzlich in Rechnung gestellt und vor der Best\u00e4tigung der Bestellung angezeigt werden. Die Preise verstehen sich zuz\u00fcglich der am Tag der Bestellung geltenden Mehrwertsteuer. Jede \u00c4nderung des geltenden Mehrwertsteuersatzes wird automatisch im Preis der Produkte im Online-Shop ber\u00fccksichtigt.  <\/p><p>Wenn eine oder mehrere Steuern oder Abgaben, insbesondere Umweltabgaben, eingef\u00fchrt oder nach oben oder unten angepasst werden, kann sich diese \u00c4nderung auf den Verkaufspreis der Produkte auswirken.<\/p><\/div><div data-id=\"d06302e\" data-element_type=\"widget\" data-widget_type=\"text-editor.default\"><p><strong>Artikel 10 \u2013 Zahlungsmethode<\/strong><\/p><p>Es handelt sich um eine zahlungspflichtige Bestellung, d. h. die Aufgabe der Bestellung setzt die Zahlung durch den K\u00e4ufer voraus. Zur Bezahlung der Bestellung kann der K\u00e4ufer aus den vom Verk\u00e4ufer angebotenen und auf der Website des Verk\u00e4ufers aufgef\u00fchrten Zahlungsmethoden w\u00e4hlen. Der K\u00e4ufer garantiert dem Verk\u00e4ufer, dass er \u00fcber die erforderlichen Berechtigungen verf\u00fcgt, um die von ihm bei der Best\u00e4tigung des Bestellformulars gew\u00e4hlte Zahlungsmethode zu verwenden. Der Verk\u00e4ufer beh\u00e4lt sich das Recht vor, die gesamte Auftragsabwicklung und Lieferung auszusetzen, wenn offiziell akkreditierte Organisationen die Autorisierung der Zahlung per Kreditkarte verweigern oder wenn die Zahlung ausbleibt. Insbesondere beh\u00e4lt sich der Verk\u00e4ufer das Recht vor, die Lieferung oder die Ausf\u00fchrung einer Bestellung eines K\u00e4ufers zu verweigern, der eine fr\u00fchere Bestellung nicht ganz oder teilweise bezahlt hat oder mit dem ein Zahlungsstreit im Gange ist.    <\/p><p>Die Zahlung muss am Tag der Bestellung vollst\u00e4ndig und auf folgende Arten erfolgen:<\/p><p>per Kreditkarte.<\/p><\/div><div data-id=\"f8f58b0\" data-element_type=\"widget\" data-widget_type=\"text-editor.default\"><p><strong>Artikel 11 \u2013 Produktverf\u00fcgbarkeit \u2013 R\u00fcckerstattungen<\/strong><\/p><p>Die Lieferzeiten werden ab dem in der E-Mail mit der Auftragsbest\u00e4tigung angegebenen Bestellregistrierungsdatum berechnet.<br> F\u00fcr Lieferungen im franz\u00f6sischen Mutterland und nach Korsika betr\u00e4gt die Lieferzeit 3 Tage ab dem Tag, der auf die Bestellung des K\u00e4ufers folgt, und zwar auf folgende Arten: Lieferung per Colissimo Point Relais oder Colissimo-Lieferung.<\/p><\/div>\t\t\t\t\t\t\t\t<\/div>\n\t\t\t\t<\/div>\n\t\t\t\t<\/div>\n\t\t\t\t<\/div>\n\t\t","protected":false},"excerpt":{"rendered":"<p>&#8230;<\/p>\n","protected":false},"author":1,"featured_media":0,"parent":0,"menu_order":0,"comment_status":"closed","ping_status":"closed","template":"","meta":{"footnotes":""},"class_list":["post-7762","page","type-page","status-publish","hentry"],"_links":{"self":[{"href":"https:\/\/dream-five.com\/de\/wp-json\/wp\/v2\/pages\/7762","targetHints":{"allow":["GET"]}}],"collection":[{"href":"https:\/\/dream-five.com\/de\/wp-json\/wp\/v2\/pages"}],"about":[{"href":"https:\/\/dream-five.com\/de\/wp-json\/wp\/v2\/types\/page"}],"author":[{"embeddable":true,"href":"https:\/\/dream-five.com\/de\/wp-json\/wp\/v2\/users\/1"}],"replies":[{"embeddable":true,"href":"https:\/\/dream-five.com\/de\/wp-json\/wp\/v2\/comments?post=7762"}],"version-history":[{"count":1,"href":"https:\/\/dream-five.com\/de\/wp-json\/wp\/v2\/pages\/7762\/revisions"}],"predecessor-version":[{"id":7763,"href":"https:\/\/dream-five.com\/de\/wp-json\/wp\/v2\/pages\/7762\/revisions\/7763"}],"wp:attachment":[{"href":"https:\/\/dream-five.com\/de\/wp-json\/wp\/v2\/media?parent=7762"}],"curies":[{"name":"wp","href":"https:\/\/api.w.org\/{rel}","templated":true}]}}