{"id":5895,"date":"2025-01-18T14:47:43","date_gmt":"2025-01-18T13:47:43","guid":{"rendered":"https:\/\/dream-five.com\/bedingungen-und-konditionen\/"},"modified":"2025-03-24T13:51:14","modified_gmt":"2025-03-24T12:51:14","slug":"bedingungen-und-konditionen","status":"publish","type":"page","link":"https:\/\/dream-five.com\/de\/bedingungen-und-konditionen\/","title":{"rendered":"Bedingungen und Konditionen"},"content":{"rendered":"\t\t<div data-elementor-type=\"wp-page\" data-elementor-id=\"5895\" class=\"elementor elementor-5895 elementor-5366\" data-elementor-post-type=\"page\">\n\t\t\t\t<div class=\"elementor-element elementor-element-fd67f1b e-con-full e-flex e-con e-parent\" data-id=\"fd67f1b\" data-element_type=\"container\">\n\t\t\t\t<div class=\"elementor-element elementor-element-786e8bb elementor-widget elementor-widget-text-editor\" data-id=\"786e8bb\" data-element_type=\"widget\" data-widget_type=\"text-editor.default\">\n\t\t\t\t<div class=\"elementor-widget-container\">\n\t\t\t\t\t\t\t\t\t<p>Der Zweck dieser allgemeinen Nutzungsbedingungen (im Folgenden als \u201eAGB\u201c bezeichnet) ist es, einen rechtlichen Rahmen f\u00fcr die Bereitstellung der Website und ihrer Dienste zu schaffen und die Bedingungen f\u00fcr den Zugang zu und die Nutzung der Dienste durch den \u201eNutzer\u201c festzulegen.<\/p><p>Jede Registrierung oder Nutzung der Website setzt die vorbehaltlose und uneingeschr\u00e4nkte Annahme dieser AGB durch den Nutzer voraus. Bei der Registrierung auf der Website \u00fcber das Registrierungsformular akzeptiert jeder Nutzer ausdr\u00fccklich die vorliegenden AGB, indem er das K\u00e4stchen vor dem folgenden Text ankreuzt: \u201eIch best\u00e4tige, dass ich die AGB gelesen und verstanden habe und sie akzeptiere. \u201e. Bei Nichtakzeptanz der in diesem Vertrag festgelegten AGB muss der Nutzer auf den Zugang zu den von der dream-five.com-Website angebotenen Diensten verzichten. dream-five.com beh\u00e4lt sich das Recht vor, den Inhalt der vorliegenden AGB jederzeit einseitig zu \u00e4ndern.   <\/p><p><strong>ARTIKEL 1 : RECHTLICHE INFORMATIONEN<\/strong><\/p><p>Die Website dream-five.com wird herausgegeben und publiziert von DREAM FIVE,<br>domiziliert an der Seestrasse 495 Z\u00fcrich 8038.<br>E-Mail Adresse: dreamfive.contact@gmail.com<\/p><p>Die Website dream-five.com wird von OVH gehostet, deren Gesch\u00e4ftssitz sich in 2, rue<br>Kellermann, 59100 Roubaix.<\/p><p><strong>ARTIKEL 2 : ZUGANG ZUR WEBSITE<\/strong><\/p><p>Die Website dream-five.com bietet dem Nutzer einen kostenlosen Zugang zu den folgenden Dienstleistungen:<br>Die Website bietet die folgenden Dienstleistungen an:<br>Verkauf von Sportbekleidung.<br>Die Website ist f\u00fcr jeden Nutzer, der \u00fcber einen Internetzugang verf\u00fcgt, von jedem Ort aus kostenlos zug\u00e4nglich. Alle Kosten, die dem Nutzer durch den Zugriff auf den Dienst entstehen (Hardware, Software, Internetverbindung usw.), gehen zu seinen Lasten. Nutzer, die nicht Mitglied sind, haben keinen Zugang zu den reservierten Diensten. Dazu m\u00fcssen sie sich durch Ausf\u00fcllen des Formulars registrieren. Mit der Zustimmung zur Registrierung f\u00fcr die reservierten Dienste verpflichtet sich das Nutzermitglied, wahrheitsgem\u00e4\u00dfe und genaue Angaben zu seinem Personenstand und seinen Kontaktdaten, insbesondere seiner E-Mail-Adresse, zu machen.    <\/p><p>Um Zugang zu den Diensten zu erhalten, muss sich der Nutzer mit seinem Login und seinem Passwort identifizieren, die ihm nach der Registrierung zugesandt werden. Regelm\u00e4\u00dfig registrierte Nutzer k\u00f6nnen sich auch von der Liste streichen lassen, indem sie die entsprechende Seite in ihrem pers\u00f6nlichen Bereich besuchen. Die Abmeldung wird innerhalb einer angemessenen Frist wirksam. dream-five.com haftet nicht f\u00fcr Ereignisse h\u00f6herer Gewalt, die zu einer St\u00f6rung der Website oder des Servers f\u00fchren, vorbehaltlich einer Unterbrechung oder \u00c4nderung zu Wartungszwecken. In solchen F\u00e4llen stimmt der Nutzer zu, den Herausgeber nicht f\u00fcr eine Unterbrechung oder Aussetzung des Dienstes verantwortlich zu machen, auch nicht ohne vorherige Ank\u00fcndigung. Der Nutzer kann die Website per E-Mail unter der in ARTIKEL 1 angegebenen E-Mail-Adresse des Herausgebers kontaktieren.     <\/p><p><strong>ARTIKEL 3 : DATENERHEBUNG<\/strong><\/p><p>Die Website gew\u00e4hrleistet, dass die pers\u00f6nlichen Daten des Nutzers unter Beachtung des Datenschutzgesetzes Nr. 78-17 vom 6. Januar 1978 gesammelt und verarbeitet werden. Gem\u00e4\u00df dem franz\u00f6sischen Datenschutzgesetz vom 6. Januar 1978 hat der Nutzer das Recht auf Zugang, Berichtigung, L\u00f6schung und Einspruch gegen seine personenbezogenen Daten. Der Nutzer kann dieses Recht aus\u00fcben:<br>&#8211; per E-Mail an dreamfive.contact@gmail.com<br>&#8211; \u00fcber ein Kontaktformular;  <\/p><p><strong>ARTIKEL 4 : URHEBERRECHT<\/strong><\/p><p>Marken, Logos, Zeichen und der gesamte Inhalt der Website (Texte, Bilder, T\u00f6ne usw.) sind durch das franz\u00f6sische Gesetz \u00fcber geistiges Eigentum und insbesondere durch das Urheberrecht gesch\u00fctzt. Die Marke DREAM FIVE ist ein eingetragenes Warenzeichen. Jede Darstellung und\/oder Vervielf\u00e4ltigung und\/oder teilweise oder vollst\u00e4ndige Nutzung dieser Marke, gleich welcher Art, ist strengstens untersagt. Der Nutzer muss f\u00fcr jede Vervielf\u00e4ltigung, Ver\u00f6ffentlichung oder Kopie der verschiedenen Inhalte die vorherige Genehmigung der Website einholen. Jegliche Nutzung der Inhalte der Website zu kommerziellen oder Werbezwecken ist strengstens untersagt. Jegliche vollst\u00e4ndige oder teilweise Darstellung dieser Website mit irgendwelchen Mitteln ohne die ausdr\u00fcckliche Genehmigung des Betreibers der Website stellt eine Verletzung dar, die gem\u00e4\u00df Artikel L 335-2 ff. des franz\u00f6sischen Gesetzes \u00fcber geistiges Eigentum geahndet wird. Gem\u00e4\u00df Artikel L122-5 des franz\u00f6sischen Gesetzes \u00fcber geistiges Eigentum m\u00fcssen Nutzer, die gesch\u00fctzte Inhalte reproduzieren, kopieren oder ver\u00f6ffentlichen, den Autor und die Quelle angeben.       <\/p><p><strong>ARTIKEL 5 : VERANTWORTUNG<\/strong><\/p><p>Die Quellen der auf der Website dream-five.com ver\u00f6ffentlichten Informationen werden als zuverl\u00e4ssig erachtet, aber die Website garantiert nicht, dass sie frei von M\u00e4ngeln, Fehlern oder Auslassungen sind. Die bereitgestellten Informationen dienen nur der allgemeinen Orientierung und sind nicht vertraglich bindend. Trotz regelm\u00e4\u00dfiger Aktualisierungen kann die Website dream-five.com nicht f\u00fcr \u00c4nderungen der Verwaltungs- und Rechtsvorschriften verantwortlich gemacht werden, die nach der Ver\u00f6ffentlichung eintreten. Ebenso wenig kann die Website f\u00fcr die Nutzung und Auslegung der auf dieser Website enthaltenen Informationen verantwortlich gemacht werden. Die Benutzer sind daf\u00fcr verantwortlich, ihr Passwort geheim zu halten. Jegliche Weitergabe des Passworts, in welcher Form auch immer, ist untersagt. Der Benutzer tr\u00e4gt alle Risiken, die mit der Verwendung seines Logins und seines Passworts verbunden sind.<br>und des Passworts. Die Website lehnt jede Verantwortung ab. Die Website dream-five.com kann nicht f\u00fcr Viren verantwortlich gemacht werden, die den Computer oder eine andere Hardware des Internetnutzers nach der Nutzung, dem Zugriff oder dem Herunterladen von dieser Website infizieren k\u00f6nnen. Die Website kann im Falle von h\u00f6herer Gewalt oder unvorhersehbaren und un\u00fcberwindbaren Handlungen Dritter nicht haftbar gemacht werden.         <\/p><p><strong>ARTIKEL 6 : HYPERTEXT-LINKS<\/strong><\/p><p>Auf der Website k\u00f6nnen Hypertext-Links vorhanden sein. Die Nutzer werden darauf hingewiesen, dass sie durch Anklicken dieser Links die Website dream-five.com verlassen. Letztere hat keine Kontrolle \u00fcber die Webseiten, zu denen diese Links f\u00fchren, und kann unter keinen Umst\u00e4nden f\u00fcr deren Inhalt verantwortlich gemacht werden.  <\/p><p><strong>ARTICLE 7 :<\/strong> <strong>COOKIES<\/strong><\/p><p>Die Nutzer werden darauf hingewiesen, dass beim Besuch der Website automatisch ein Cookie in ihrem Browser installiert werden kann. Cookies sind kleine Dateien, die von Ihrem Browser vor\u00fcbergehend auf der Festplatte des Computers des Nutzers gespeichert werden und die f\u00fcr die Nutzung der Website dream-five.com erforderlich sind. Die<br>Cookies enthalten keine pers\u00f6nlichen Informationen und k\u00f6nnen nicht zur Identifizierung von Personen verwendet werden. Ein Cookie enth\u00e4lt eine eindeutige Kennung, die zuf\u00e4llig generiert wird und daher anonym ist. Einige Cookies verfallen am Ende des Besuchs des Benutzers, andere bleiben bestehen. Die in den Cookies enthaltenen Informationen werden verwendet, um die Website dream-five.com zu verbessern. Durch das Surfen auf der Website akzeptiert der Benutzer diese Cookies. Der Nutzer kann diese Cookies \u00fcber die Einstellungen seiner Browser-Software deaktivieren.       <\/p><p><strong>ARTIKEL 8 : ANWENDBARES RECHT UND GERICHTSBARKEIT<\/strong><\/p><p>Der vorliegende Vertrag unterliegt dem franz\u00f6sischen Recht. Sollte es nicht gelingen, einen Streit zwischen den Parteien g\u00fctlich beizulegen, sind ausschlie\u00dflich die franz\u00f6sischen Gerichte zust\u00e4ndig. Bei Fragen zur Anwendung der vorliegenden AGB k\u00f6nnen Sie sich an den Herausgeber unter der in ARTIKEL 1 angegebenen Adresse wenden.  <\/p>\t\t\t\t\t\t\t\t<\/div>\n\t\t\t\t<\/div>\n\t\t\t\t<\/div>\n\t\t\t\t<\/div>\n\t\t","protected":false},"excerpt":{"rendered":"<p>&#8230;<\/p>\n","protected":false},"author":1,"featured_media":0,"parent":0,"menu_order":0,"comment_status":"closed","ping_status":"closed","template":"","meta":{"footnotes":""},"class_list":["post-5895","page","type-page","status-publish","hentry"],"_links":{"self":[{"href":"https:\/\/dream-five.com\/de\/wp-json\/wp\/v2\/pages\/5895","targetHints":{"allow":["GET"]}}],"collection":[{"href":"https:\/\/dream-five.com\/de\/wp-json\/wp\/v2\/pages"}],"about":[{"href":"https:\/\/dream-five.com\/de\/wp-json\/wp\/v2\/types\/page"}],"author":[{"embeddable":true,"href":"https:\/\/dream-five.com\/de\/wp-json\/wp\/v2\/users\/1"}],"replies":[{"embeddable":true,"href":"https:\/\/dream-five.com\/de\/wp-json\/wp\/v2\/comments?post=5895"}],"version-history":[{"count":1,"href":"https:\/\/dream-five.com\/de\/wp-json\/wp\/v2\/pages\/5895\/revisions"}],"predecessor-version":[{"id":5896,"href":"https:\/\/dream-five.com\/de\/wp-json\/wp\/v2\/pages\/5895\/revisions\/5896"}],"wp:attachment":[{"href":"https:\/\/dream-five.com\/de\/wp-json\/wp\/v2\/media?parent=5895"}],"curies":[{"name":"wp","href":"https:\/\/api.w.org\/{rel}","templated":true}]}}