{"id":5716,"date":"2024-09-15T10:34:04","date_gmt":"2024-09-15T08:34:04","guid":{"rendered":"https:\/\/dream-five.com\/unsere-geschichte\/"},"modified":"2025-07-09T23:10:48","modified_gmt":"2025-07-09T21:10:48","slug":"unsere-geschichte","status":"publish","type":"page","link":"https:\/\/dream-five.com\/de\/unsere-geschichte\/","title":{"rendered":"Unsere Geschichte"},"content":{"rendered":"\t\t<div data-elementor-type=\"wp-page\" data-elementor-id=\"5716\" class=\"elementor elementor-5716 elementor-32\" data-elementor-post-type=\"page\">\n\t\t\t\t<div class=\"elementor-element elementor-element-4f57e0b e-con-full e-flex e-con e-parent\" data-id=\"4f57e0b\" data-element_type=\"container\" data-settings=\"{&quot;background_background&quot;:&quot;classic&quot;}\">\n\t\t\t\t<div class=\"elementor-element elementor-element-f2e56b8 elementor-widget elementor-widget-heading\" data-id=\"f2e56b8\" data-element_type=\"widget\" data-widget_type=\"heading.default\">\n\t\t\t\t<div class=\"elementor-widget-container\">\n\t\t\t\t\t<h2 class=\"elementor-heading-title elementor-size-default\">UNSERE GESCHICHTE<\/h2>\t\t\t\t<\/div>\n\t\t\t\t<\/div>\n\t\t\t\t<div class=\"elementor-element elementor-element-ab21066 elementor-widget elementor-widget-text-editor\" data-id=\"ab21066\" data-element_type=\"widget\" data-widget_type=\"text-editor.default\">\n\t\t\t\t<div class=\"elementor-widget-container\">\n\t\t\t\t\t\t\t\t\t<p class=\"p1\">Willkommen auf unserer Dream Five-Website, die dem brasilianischen Jiu-Jitsu und dem Kampfsport gewidmet ist<\/p>\t\t\t\t\t\t\t\t<\/div>\n\t\t\t\t<\/div>\n\t\t\t\t<\/div>\n\t\t<div class=\"elementor-element elementor-element-6a7cc8d e-flex e-con-boxed e-con e-parent\" data-id=\"6a7cc8d\" data-element_type=\"container\">\n\t\t\t\t\t<div class=\"e-con-inner\">\n\t\t\t\t<div class=\"elementor-element elementor-element-82787b8 elementor-widget__width-initial elementor-position-top elementor-widget elementor-widget-image-box\" data-id=\"82787b8\" data-element_type=\"widget\" data-widget_type=\"image-box.default\">\n\t\t\t\t<div class=\"elementor-widget-container\">\n\t\t\t\t\t<div class=\"elementor-image-box-wrapper\"><figure class=\"elementor-image-box-img\"><img loading=\"lazy\" loading=\"lazy\" decoding=\"async\" width=\"150\" height=\"150\" src=\"https:\/\/dream-five.com\/wp-content\/uploads\/2025\/01\/all-gi-150x150.jpg\" class=\"attachment-thumbnail size-thumbnail wp-image-5078\" alt=\"\" srcset=\"https:\/\/dream-five.com\/wp-content\/uploads\/2025\/01\/all-gi-150x150.jpg 150w, https:\/\/dream-five.com\/wp-content\/uploads\/2025\/01\/all-gi-300x300.jpg 300w, https:\/\/dream-five.com\/wp-content\/uploads\/2025\/01\/all-gi-100x100.jpg 100w, https:\/\/dream-five.com\/wp-content\/uploads\/2025\/01\/all-gi-1x1.jpg 1w\" sizes=\"auto, (max-width: 150px) 100vw, 150px\" \/><\/figure><div class=\"elementor-image-box-content\"><h3 class=\"elementor-image-box-title\">Einzigartig gestalten<\/h3><p class=\"elementor-image-box-description\">Dr\u00fccken Sie Ihren Stil mit unseren Kimonos in einzigartigen, kr\u00e4ftigen Farben aus, die auf den Tatami auffallen.<\/p><\/div><\/div>\t\t\t\t<\/div>\n\t\t\t\t<\/div>\n\t\t\t\t<div class=\"elementor-element elementor-element-47ee373 elementor-widget__width-initial elementor-position-top elementor-widget elementor-widget-image-box\" data-id=\"47ee373\" data-element_type=\"widget\" data-widget_type=\"image-box.default\">\n\t\t\t\t<div class=\"elementor-widget-container\">\n\t\t\t\t\t<div class=\"elementor-image-box-wrapper\"><figure class=\"elementor-image-box-img\"><img decoding=\"async\" src=\"http:\/\/dream-five.com\/wp-content\/uploads\/2025\/01\/yellow-gi-details-scaled.jpg\" title=\"\" alt=\"\" loading=\"lazy\" \/><\/figure><div class=\"elementor-image-box-content\"><h3 class=\"elementor-image-box-title\">Widerstand<\/h3><p class=\"elementor-image-box-description\">Robuste, verst\u00e4rkte Materialien, die intensivem Training und Wettkampf standhalten.<\/p><\/div><\/div>\t\t\t\t<\/div>\n\t\t\t\t<\/div>\n\t\t\t\t<div class=\"elementor-element elementor-element-bb68d7e elementor-widget__width-initial elementor-position-top elementor-widget elementor-widget-image-box\" data-id=\"bb68d7e\" data-element_type=\"widget\" data-widget_type=\"image-box.default\">\n\t\t\t\t<div class=\"elementor-widget-container\">\n\t\t\t\t\t<div class=\"elementor-image-box-wrapper\"><figure class=\"elementor-image-box-img\"><img loading=\"lazy\" loading=\"lazy\" decoding=\"async\" width=\"150\" height=\"150\" src=\"https:\/\/dream-five.com\/wp-content\/uploads\/2025\/01\/all-gi-2-150x150.jpeg\" class=\"attachment-thumbnail size-thumbnail wp-image-5076\" alt=\"\" srcset=\"https:\/\/dream-five.com\/wp-content\/uploads\/2025\/01\/all-gi-2-150x150.jpeg 150w, https:\/\/dream-five.com\/wp-content\/uploads\/2025\/01\/all-gi-2-300x300.jpeg 300w, https:\/\/dream-five.com\/wp-content\/uploads\/2025\/01\/all-gi-2-100x100.jpeg 100w, https:\/\/dream-five.com\/wp-content\/uploads\/2025\/01\/all-gi-2-1x1.jpeg 1w\" sizes=\"auto, (max-width: 150px) 100vw, 150px\" \/><\/figure><div class=\"elementor-image-box-content\"><h3 class=\"elementor-image-box-title\">Schnelle Lieferung<\/h3><p class=\"elementor-image-box-description\">Nutzen Sie den schnellen Versand, um Ihren Kimono in Rekordzeit zu erhalten, bereit, Sie auf den Tatamis zu begleiten.<\/p><\/div><\/div>\t\t\t\t<\/div>\n\t\t\t\t<\/div>\n\t\t\t\t\t<\/div>\n\t\t\t\t<\/div>\n\t\t<div class=\"elementor-element elementor-element-e132d3c e-flex e-con-boxed e-con e-parent\" data-id=\"e132d3c\" data-element_type=\"container\">\n\t\t\t\t\t<div class=\"e-con-inner\">\n\t\t<div class=\"elementor-element elementor-element-133a9bb e-con-full e-flex e-con e-child\" data-id=\"133a9bb\" data-element_type=\"container\" data-settings=\"{&quot;motion_fx_motion_fx_scrolling&quot;:&quot;yes&quot;,&quot;motion_fx_translateY_effect&quot;:&quot;yes&quot;,&quot;motion_fx_translateY_speed&quot;:{&quot;unit&quot;:&quot;px&quot;,&quot;size&quot;:2,&quot;sizes&quot;:[]},&quot;motion_fx_translateY_affectedRange&quot;:{&quot;unit&quot;:&quot;%&quot;,&quot;size&quot;:&quot;&quot;,&quot;sizes&quot;:{&quot;start&quot;:19,&quot;end&quot;:100}},&quot;motion_fx_devices&quot;:[&quot;desktop&quot;]}\">\n\t\t\t\t<div class=\"elementor-element elementor-element-076f90c elementor-widget elementor-widget-heading\" data-id=\"076f90c\" data-element_type=\"widget\" data-widget_type=\"heading.default\">\n\t\t\t\t<div class=\"elementor-widget-container\">\n\t\t\t\t\t<h2 class=\"elementor-heading-title elementor-size-default\">Teilen Sie die Leidenschaft, tragen Sie die Exzellenz<\/h2>\t\t\t\t<\/div>\n\t\t\t\t<\/div>\n\t\t\t\t<div class=\"elementor-element elementor-element-c98afca elementor-widget elementor-widget-text-editor\" data-id=\"c98afca\" data-element_type=\"widget\" data-widget_type=\"text-editor.default\">\n\t\t\t\t<div class=\"elementor-widget-container\">\n\t\t\t\t\t\t\t\t\t<p class=\"p1\">Ich bin Tahar Semlali, Gr\u00fcnder von Dream Five, Welt- und Europameister im brasilianischen Jiu-Jitsu. Nach Jahren des Trainings und des Wettkampfs wollte ich eine Marke schaffen, die meine Leidenschaft und meine Werte widerspiegelt. <\/p>\t\t\t\t\t\t\t\t<\/div>\n\t\t\t\t<\/div>\n\t\t\t\t<div class=\"elementor-element elementor-element-1d1610b elementor-hidden-mobile elementor-widget elementor-widget-image\" data-id=\"1d1610b\" data-element_type=\"widget\" data-widget_type=\"image.default\">\n\t\t\t\t<div class=\"elementor-widget-container\">\n\t\t\t\t\t\t\t\t\t\t\t\t\t\t\t<img loading=\"lazy\" loading=\"lazy\" decoding=\"async\" width=\"1511\" height=\"1511\" src=\"https:\/\/dream-five.com\/wp-content\/uploads\/2025\/01\/all-gi-3.jpeg\" class=\"attachment-full size-full wp-image-5668\" alt=\"\" srcset=\"https:\/\/dream-five.com\/wp-content\/uploads\/2025\/01\/all-gi-3.jpeg 1511w, https:\/\/dream-five.com\/wp-content\/uploads\/2025\/01\/all-gi-3-300x300.jpeg 300w, https:\/\/dream-five.com\/wp-content\/uploads\/2025\/01\/all-gi-3-1024x1024.jpeg 1024w, https:\/\/dream-five.com\/wp-content\/uploads\/2025\/01\/all-gi-3-150x150.jpeg 150w, https:\/\/dream-five.com\/wp-content\/uploads\/2025\/01\/all-gi-3-768x768.jpeg 768w, https:\/\/dream-five.com\/wp-content\/uploads\/2025\/01\/all-gi-3-600x600.jpeg 600w, https:\/\/dream-five.com\/wp-content\/uploads\/2025\/01\/all-gi-3-100x100.jpeg 100w, https:\/\/dream-five.com\/wp-content\/uploads\/2025\/01\/all-gi-3-1x1.jpeg 1w, https:\/\/dream-five.com\/wp-content\/uploads\/2025\/01\/all-gi-3-10x10.jpeg 10w\" sizes=\"auto, (max-width: 1511px) 100vw, 1511px\" \/>\t\t\t\t\t\t\t\t\t\t\t\t\t\t\t<\/div>\n\t\t\t\t<\/div>\n\t\t\t\t<\/div>\n\t\t<div class=\"elementor-element elementor-element-eeaa7e3 e-con-full e-flex e-con e-child\" data-id=\"eeaa7e3\" data-element_type=\"container\" data-settings=\"{&quot;motion_fx_motion_fx_scrolling&quot;:&quot;yes&quot;,&quot;motion_fx_translateY_effect&quot;:&quot;yes&quot;,&quot;motion_fx_translateY_direction&quot;:&quot;negative&quot;,&quot;motion_fx_translateY_speed&quot;:{&quot;unit&quot;:&quot;px&quot;,&quot;size&quot;:2,&quot;sizes&quot;:[]},&quot;motion_fx_translateY_affectedRange&quot;:{&quot;unit&quot;:&quot;%&quot;,&quot;size&quot;:&quot;&quot;,&quot;sizes&quot;:{&quot;start&quot;:0,&quot;end&quot;:75}},&quot;motion_fx_devices&quot;:[&quot;desktop&quot;],&quot;motion_fx_motion_fx_mouse&quot;:&quot;yes&quot;}\">\n\t\t\t\t<div class=\"elementor-element elementor-element-2bd464d elementor-widget elementor-widget-image\" data-id=\"2bd464d\" data-element_type=\"widget\" data-widget_type=\"image.default\">\n\t\t\t\t<div class=\"elementor-widget-container\">\n\t\t\t\t\t\t\t\t\t\t\t\t\t\t\t<img loading=\"lazy\" loading=\"lazy\" decoding=\"async\" width=\"768\" height=\"1075\" src=\"https:\/\/dream-five.com\/wp-content\/uploads\/2025\/01\/tahar-poster-768x1075.jpg\" class=\"attachment-medium_large size-medium_large wp-image-5706\" alt=\"\" srcset=\"https:\/\/dream-five.com\/wp-content\/uploads\/2025\/01\/tahar-poster-768x1075.jpg 768w, https:\/\/dream-five.com\/wp-content\/uploads\/2025\/01\/tahar-poster-214x300.jpg 214w, https:\/\/dream-five.com\/wp-content\/uploads\/2025\/01\/tahar-poster-731x1024.jpg 731w, https:\/\/dream-five.com\/wp-content\/uploads\/2025\/01\/tahar-poster-1097x1536.jpg 1097w, https:\/\/dream-five.com\/wp-content\/uploads\/2025\/01\/tahar-poster-600x840.jpg 600w, https:\/\/dream-five.com\/wp-content\/uploads\/2025\/01\/tahar-poster-1x1.jpg 1w, https:\/\/dream-five.com\/wp-content\/uploads\/2025\/01\/tahar-poster-7x10.jpg 7w, https:\/\/dream-five.com\/wp-content\/uploads\/2025\/01\/tahar-poster.jpg 1417w\" sizes=\"auto, (max-width: 768px) 100vw, 768px\" \/>\t\t\t\t\t\t\t\t\t\t\t\t\t\t\t<\/div>\n\t\t\t\t<\/div>\n\t\t\t\t<\/div>\n\t\t\t\t\t<\/div>\n\t\t\t\t<\/div>\n\t\t<div class=\"elementor-element elementor-element-0a3e595 e-con-full e-flex e-con e-parent\" data-id=\"0a3e595\" data-element_type=\"container\" data-settings=\"{&quot;background_background&quot;:&quot;classic&quot;}\">\n\t\t<div class=\"elementor-element elementor-element-dd1a300 e-con-full e-flex e-con e-child\" data-id=\"dd1a300\" data-element_type=\"container\">\n\t\t\t\t<div class=\"elementor-element elementor-element-aced3ce elementor-widget elementor-widget-image\" data-id=\"aced3ce\" data-element_type=\"widget\" data-widget_type=\"image.default\">\n\t\t\t\t<div class=\"elementor-widget-container\">\n\t\t\t\t\t\t\t\t\t\t\t\t\t\t\t<img decoding=\"async\" src=\"http:\/\/dream-five.com\/wp-content\/uploads\/2025\/01\/pink-gi-2.jpeg\" title=\"\" alt=\"\" loading=\"lazy\" \/>\t\t\t\t\t\t\t\t\t\t\t\t\t\t\t<\/div>\n\t\t\t\t<\/div>\n\t\t\t\t<\/div>\n\t\t<div class=\"elementor-element elementor-element-9077a88 e-con-full e-flex e-con e-child\" data-id=\"9077a88\" data-element_type=\"container\">\n\t\t\t\t<div class=\"elementor-element elementor-element-a9e2c27 elementor-widget elementor-widget-heading\" data-id=\"a9e2c27\" data-element_type=\"widget\" data-widget_type=\"heading.default\">\n\t\t\t\t<div class=\"elementor-widget-container\">\n\t\t\t\t\t<h2 class=\"elementor-heading-title elementor-size-default\">Warum sollten Sie Dream Five w\u00e4hlen?<\/h2>\t\t\t\t<\/div>\n\t\t\t\t<\/div>\n\t\t\t\t<div class=\"elementor-element elementor-element-31c0510 elementor-widget elementor-widget-text-editor\" data-id=\"31c0510\" data-element_type=\"widget\" data-widget_type=\"text-editor.default\">\n\t\t\t\t<div class=\"elementor-widget-container\">\n\t\t\t\t\t\t\t\t\t<p>Dank unserer Erfahrung wissen wir genau, was jeder Praktiker auf den Tatamis sucht.<\/p><p>Wir bieten Ihnen hochwertige Kimonos und Kampfsportausr\u00fcstungen, die Komfort und Haltbarkeit vereinen. Jedes Produkt ist so konzipiert, dass es Praktiker in jeder Phase ihrer Karriere begleitet, vom Anf\u00e4nger bis zum erfahrenen Wettk\u00e4mpfer. <\/p><p>Angetrieben von einer tiefen Leidenschaft f\u00fcr das brasilianische Jiu-Jitsu, sind wir bestrebt, Ihnen eine Ausr\u00fcstung anzubieten, die Ihren Bed\u00fcrfnissen perfekt entspricht.<\/p>\t\t\t\t\t\t\t\t<\/div>\n\t\t\t\t<\/div>\n\t\t<div class=\"elementor-element elementor-element-00c7821 e-con-full e-flex e-con e-child\" data-id=\"00c7821\" data-element_type=\"container\">\n\t\t\t\t<div class=\"elementor-element elementor-element-73c7bb1 elementor-widget elementor-widget-text_button\" data-id=\"73c7bb1\" data-element_type=\"widget\" data-widget_type=\"text_button.default\">\n\t\t\t\t<div class=\"elementor-widget-container\">\n\t\t\t\t\t<div class=\"etheme-button-wrapper\"><a href=\"https:\/\/dream-five.com\/shop\/\" class=\"fill-none etheme-text-button elementor-button\" role=\"button\">\n        <span class=\"elementor-button-content-wrapper\">\n            \n\t\t\t<span class=\"elementor-button-text\">Shop<\/span>\n\n            \n            \n        <\/span><\/a><\/div>\t\t\t\t<\/div>\n\t\t\t\t<\/div>\n\t\t\t\t<div class=\"elementor-element elementor-element-f76ca17 elementor-widget elementor-widget-text_button\" data-id=\"f76ca17\" data-element_type=\"widget\" data-widget_type=\"text_button.default\">\n\t\t\t\t<div class=\"elementor-widget-container\">\n\t\t\t\t\t<div class=\"etheme-button-wrapper\"><a href=\"https:\/\/dream-five.com\/contact\/\" class=\"fill-none etheme-text-button elementor-button\" role=\"button\">\n        <span class=\"elementor-button-content-wrapper\">\n            \n\t\t\t<span class=\"elementor-button-text\">Kontakt<\/span>\n\n            \n            \n        <\/span><\/a><\/div>\t\t\t\t<\/div>\n\t\t\t\t<\/div>\n\t\t\t\t<\/div>\n\t\t\t\t<\/div>\n\t\t\t\t<\/div>\n\t\t<div class=\"elementor-element elementor-element-c504d7b e-flex e-con-boxed e-con e-parent\" data-id=\"c504d7b\" data-element_type=\"container\">\n\t\t\t\t\t<div class=\"e-con-inner\">\n\t\t<div class=\"elementor-element elementor-element-87a6279 e-con-full e-flex e-con e-child\" data-id=\"87a6279\" data-element_type=\"container\">\n\t\t\t\t<div class=\"elementor-element elementor-element-bd06aa8 elementor-widget elementor-widget-heading\" data-id=\"bd06aa8\" data-element_type=\"widget\" data-widget_type=\"heading.default\">\n\t\t\t\t<div class=\"elementor-widget-container\">\n\t\t\t\t\t<h2 class=\"elementor-heading-title elementor-size-default\">Werden Sie Mitglied unserer Gemeinschaft<\/h2>\t\t\t\t<\/div>\n\t\t\t\t<\/div>\n\t\t\t\t<div class=\"elementor-element elementor-element-f818798 elementor-widget elementor-widget-text-editor\" data-id=\"f818798\" data-element_type=\"widget\" data-widget_type=\"text-editor.default\">\n\t\t\t\t<div class=\"elementor-widget-container\">\n\t\t\t\t\t\t\t\t\t<p>Werden Sie Teil unserer leidenschaftlichen Community auf Instagram, entdecken Sie unsere neuesten Nachrichten, exklusive Tipps und teilen Sie Ihre Momente auf den Tatamis mit uns! #DreamFive<\/p>\t\t\t\t\t\t\t\t<\/div>\n\t\t\t\t<\/div>\n\t\t\t\t<div class=\"elementor-element elementor-element-b860cf4 elementor-widget elementor-widget-text-editor\" data-id=\"b860cf4\" data-element_type=\"widget\" data-widget_type=\"text-editor.default\">\n\t\t\t\t<div class=\"elementor-widget-container\">\n\t\t\t\t\t\t\t\t\t<p>Werden Sie Teil unserer leidenschaftlichen Community auf Instagram, entdecken Sie unsere neuesten Nachrichten, exklusive Tipps und teilen Sie Ihre Momente auf den Tatamis mit uns! #DreamFive<\/p>\t\t\t\t\t\t\t\t<\/div>\n\t\t\t\t<\/div>\n\t\t\t\t<div class=\"elementor-element elementor-element-1a24878 elementor-mobile-align-center elementor-widget elementor-widget-text_button\" data-id=\"1a24878\" data-element_type=\"widget\" data-widget_type=\"text_button.default\">\n\t\t\t\t<div class=\"elementor-widget-container\">\n\t\t\t\t\t<div class=\"etheme-button-wrapper\"><a href=\"https:\/\/www.instagram.com\/dream.5five\" class=\"fill-none etheme-text-button elementor-button\" role=\"button\">\n        <span class=\"elementor-button-content-wrapper\">\n            \n\t\t\t<span class=\"elementor-button-text\">Folgen Sie uns auf Instagram<\/span>\n\n            \n            \n        <\/span><\/a><\/div>\t\t\t\t<\/div>\n\t\t\t\t<\/div>\n\t\t\t\t<\/div>\n\t\t<div class=\"elementor-element elementor-element-eb273d5 e-con-full e-flex e-con e-child\" data-id=\"eb273d5\" data-element_type=\"container\">\n\t\t\t\t<div class=\"elementor-element elementor-element-90205d0 elementor-widget elementor-widget-image\" data-id=\"90205d0\" data-element_type=\"widget\" data-widget_type=\"image.default\">\n\t\t\t\t<div class=\"elementor-widget-container\">\n\t\t\t\t\t\t\t\t\t\t\t\t\t\t\t<img loading=\"lazy\" loading=\"lazy\" decoding=\"async\" width=\"500\" height=\"500\" src=\"https:\/\/dream-five.com\/wp-content\/uploads\/2025\/01\/logo-white.jpg\" class=\"attachment-full size-full wp-image-5616\" alt=\"\" srcset=\"https:\/\/dream-five.com\/wp-content\/uploads\/2025\/01\/logo-white.jpg 500w, https:\/\/dream-five.com\/wp-content\/uploads\/2025\/01\/logo-white-300x300.jpg 300w, https:\/\/dream-five.com\/wp-content\/uploads\/2025\/01\/logo-white-150x150.jpg 150w, https:\/\/dream-five.com\/wp-content\/uploads\/2025\/01\/logo-white-100x100.jpg 100w, https:\/\/dream-five.com\/wp-content\/uploads\/2025\/01\/logo-white-1x1.jpg 1w, https:\/\/dream-five.com\/wp-content\/uploads\/2025\/01\/logo-white-10x10.jpg 10w\" sizes=\"auto, (max-width: 500px) 100vw, 500px\" \/>\t\t\t\t\t\t\t\t\t\t\t\t\t\t\t<\/div>\n\t\t\t\t<\/div>\n\t\t\t\t<\/div>\n\t\t\t\t\t<\/div>\n\t\t\t\t<\/div>\n\t\t\t\t<\/div>\n\t\t","protected":false},"excerpt":{"rendered":"<p>&#8230;<\/p>\n","protected":false},"author":1,"featured_media":0,"parent":0,"menu_order":0,"comment_status":"closed","ping_status":"closed","template":"elementor_header_footer","meta":{"footnotes":""},"class_list":["post-5716","page","type-page","status-publish","hentry"],"_links":{"self":[{"href":"https:\/\/dream-five.com\/de\/wp-json\/wp\/v2\/pages\/5716","targetHints":{"allow":["GET"]}}],"collection":[{"href":"https:\/\/dream-five.com\/de\/wp-json\/wp\/v2\/pages"}],"about":[{"href":"https:\/\/dream-five.com\/de\/wp-json\/wp\/v2\/types\/page"}],"author":[{"embeddable":true,"href":"https:\/\/dream-five.com\/de\/wp-json\/wp\/v2\/users\/1"}],"replies":[{"embeddable":true,"href":"https:\/\/dream-five.com\/de\/wp-json\/wp\/v2\/comments?post=5716"}],"version-history":[{"count":10,"href":"https:\/\/dream-five.com\/de\/wp-json\/wp\/v2\/pages\/5716\/revisions"}],"predecessor-version":[{"id":6710,"href":"https:\/\/dream-five.com\/de\/wp-json\/wp\/v2\/pages\/5716\/revisions\/6710"}],"wp:attachment":[{"href":"https:\/\/dream-five.com\/de\/wp-json\/wp\/v2\/media?parent=5716"}],"curies":[{"name":"wp","href":"https:\/\/api.w.org\/{rel}","templated":true}]}}